{"id":11500,"date":"2021-05-09T13:37:59","date_gmt":"2021-05-09T17:37:59","guid":{"rendered":"https:\/\/staging.karinejoncas.ca\/delivery\/"},"modified":"2024-11-04T15:02:56","modified_gmt":"2024-11-04T20:02:56","slug":"delivery","status":"publish","type":"page","link":"https:\/\/karinejoncasusa.com\/en\/delivery\/","title":{"rendered":"delivery"},"content":{"rendered":"\t\t<div data-elementor-type=\"wp-page\" data-elementor-id=\"11500\" class=\"elementor elementor-11500 elementor-11498\" data-elementor-post-type=\"page\">\n\t\t\t\t\t\t<section class=\"elementor-section elementor-top-section elementor-element elementor-element-1576b56 elementor-section-full_width elementor-section-height-default elementor-section-height-default\" data-id=\"1576b56\" data-element_type=\"section\" data-e-type=\"section\">\n\t\t\t\t\t\t<div class=\"elementor-container elementor-column-gap-no\">\n\t\t\t\t\t<div class=\"elementor-column elementor-col-100 elementor-top-column elementor-element elementor-element-d5be51b\" data-id=\"d5be51b\" data-element_type=\"column\" data-e-type=\"column\">\n\t\t\t<div class=\"elementor-widget-wrap elementor-element-populated\">\n\t\t\t\t\t\t<div class=\"elementor-element elementor-element-1f784ea elementor-widget elementor-widget-html\" data-id=\"1f784ea\" data-element_type=\"widget\" data-e-type=\"widget\" data-widget_type=\"html.default\">\n\t\t\t\t<div class=\"elementor-widget-container\">\n\t\t\t\t\t<div>\r\n<picture>\r\n \t <source srcset=\"https:\/\/karinejoncas.ca\/wp-content\/uploads\/2024\/11\/Banner_RV_Shipping-and-Payment_3840x800_EN_v1.png\" media=\"(min-width: 1400px)\">\r\n\t <source srcset=\"https:\/\/karinejoncas.ca\/wp-content\/uploads\/2024\/11\/Banner_RV_Shipping-and-Payment_1920x500_ANG_v1.png\" media=\"(min-width: 1200px)\">\r\n\t <source srcset=\"https:\/\/karinejoncas.ca\/wp-content\/uploads\/2024\/11\/Banner_RV_Shipping-and-Payment_1920x500_ANG_v1.png\" media=\"(min-width: 600px)\">\r\n     <source srcset=\"https:\/\/karinejoncas.ca\/wp-content\/uploads\/2024\/11\/Banner_RV_Livraison-et-Paiement_600x400_v1.png\" media=\"(min-width: 500px)\">\r\n     <img decoding=\"async\" src=\"https:\/\/karinejoncas.ca\/wp-content\/uploads\/2024\/11\/Banner_RV_Livraison-et-Paiement_600x400_v1.png\" style= \"border:1px solid; color:lightgrey\" alt=\"KJIMAGES\">\r\n\r\n<\/picture>\r\n\r\n<\/div>\t\t\t\t<\/div>\n\t\t\t\t<\/div>\n\t\t\t\t\t<\/div>\n\t\t<\/div>\n\t\t\t\t\t<\/div>\n\t\t<\/section>\n\t\t\t\t<section class=\"elementor-section elementor-top-section elementor-element elementor-element-277a692 elementor-section-boxed elementor-section-height-default elementor-section-height-default\" data-id=\"277a692\" data-element_type=\"section\" data-e-type=\"section\">\n\t\t\t\t\t\t<div class=\"elementor-container elementor-column-gap-default\">\n\t\t\t\t\t<div class=\"elementor-column elementor-col-100 elementor-top-column elementor-element elementor-element-dc4ec10\" data-id=\"dc4ec10\" data-element_type=\"column\" data-e-type=\"column\">\n\t\t\t<div class=\"elementor-widget-wrap elementor-element-populated\">\n\t\t\t\t\t\t<div class=\"elementor-element elementor-element-ea0f022 kjtitlesection elementor-widget elementor-widget-text-editor\" data-id=\"ea0f022\" data-element_type=\"widget\" data-e-type=\"widget\" data-widget_type=\"text-editor.default\">\n\t\t\t\t<div class=\"elementor-widget-container\">\n\t\t\t\t\t\t\t\t\t<h2>Shipping<\/h2>\t\t\t\t\t\t\t\t<\/div>\n\t\t\t\t<\/div>\n\t\t\t\t<div class=\"elementor-element elementor-element-1abf3e5 elementor-widget elementor-widget-text-editor\" data-id=\"1abf3e5\" data-element_type=\"widget\" data-e-type=\"widget\" data-widget_type=\"text-editor.default\">\n\t\t\t\t<div class=\"elementor-widget-container\">\n\t\t\t\t\t\t\t\t\t<p style=\"text-align: center;\">KARINE JONCAS only ships to Canadian addresses through Canada Post.\u00a0<\/p>\t\t\t\t\t\t\t\t<\/div>\n\t\t\t\t<\/div>\n\t\t\t\t<section class=\"elementor-section elementor-inner-section elementor-element elementor-element-457b9b6 deliverysteps elementor-section-boxed elementor-section-height-default elementor-section-height-default\" data-id=\"457b9b6\" data-element_type=\"section\" data-e-type=\"section\">\n\t\t\t\t\t\t<div class=\"elementor-container elementor-column-gap-default\">\n\t\t\t\t\t<div class=\"elementor-column elementor-col-33 elementor-inner-column elementor-element elementor-element-33a770d\" data-id=\"33a770d\" data-element_type=\"column\" data-e-type=\"column\">\n\t\t\t<div class=\"elementor-widget-wrap elementor-element-populated\">\n\t\t\t\t\t\t<div class=\"elementor-element elementor-element-8214afe elementor-widget elementor-widget-text-editor\" data-id=\"8214afe\" data-element_type=\"widget\" data-e-type=\"widget\" data-widget_type=\"text-editor.default\">\n\t\t\t\t<div class=\"elementor-widget-container\">\n\t\t\t\t\t\t\t\t\t<h3><img decoding=\"async\" class=\"wp-image-11962 alignnone\" src=\"https:\/\/karinejoncas.ca\/wp-content\/uploads\/2023\/01\/Pictos-PageLivraisonPaiement-1.png\" alt=\"\" width=\"66\" height=\"43\" \/>\u00a0 Free Shipping<\/h3>\nFree with any online purchase of $60 or more (before sales taxes) of products only.\nFor purchases of less than $60, a shipping and handling fee of $8 per order is applicable.\t\t\t\t\t\t\t\t<\/div>\n\t\t\t\t<\/div>\n\t\t\t\t\t<\/div>\n\t\t<\/div>\n\t\t\t\t<div class=\"elementor-column elementor-col-33 elementor-inner-column elementor-element elementor-element-39e1651\" data-id=\"39e1651\" data-element_type=\"column\" data-e-type=\"column\">\n\t\t\t<div class=\"elementor-widget-wrap elementor-element-populated\">\n\t\t\t\t\t\t<div class=\"elementor-element elementor-element-2c9aa52 elementor-widget elementor-widget-text-editor\" data-id=\"2c9aa52\" data-element_type=\"widget\" data-e-type=\"widget\" data-widget_type=\"text-editor.default\">\n\t\t\t\t<div class=\"elementor-widget-container\">\n\t\t\t\t\t\t\t\t\t<h3><img decoding=\"async\" class=\"alignnone wp-image-11958\" src=\"https:\/\/karinejoncas.ca\/wp-content\/uploads\/2021\/05\/Pictos-PageLivraisonPaiement_DeliveryTime.png\" alt=\"\" width=\"66\" height=\"45\" \/>Shipping Delay<\/h3>\nYour order will be delivered within 5 to 10 working days from the date of purchase.\t\t\t\t\t\t\t\t<\/div>\n\t\t\t\t<\/div>\n\t\t\t\t\t<\/div>\n\t\t<\/div>\n\t\t\t\t<div class=\"elementor-column elementor-col-33 elementor-inner-column elementor-element elementor-element-6935ecf\" data-id=\"6935ecf\" data-element_type=\"column\" data-e-type=\"column\">\n\t\t\t<div class=\"elementor-widget-wrap elementor-element-populated\">\n\t\t\t\t\t\t<div class=\"elementor-element elementor-element-591e443 elementor-widget elementor-widget-text-editor\" data-id=\"591e443\" data-element_type=\"widget\" data-e-type=\"widget\" data-widget_type=\"text-editor.default\">\n\t\t\t\t<div class=\"elementor-widget-container\">\n\t\t\t\t\t\t\t\t\t<h3><img decoding=\"async\" class=\"alignnone wp-image-11956\" src=\"https:\/\/karinejoncas.ca\/wp-content\/uploads\/2021\/05\/Pictos-PageLivraisonPaiement_ConfirmationShipping.png\" alt=\"\" width=\"78\" height=\"53\" \/>Shipping Confirmation<\/h3>\nAs soon as your package is ready to be shipped, you will receive an order confirmation by email including a tracking number. For any questions, please contact us by phone: 1 866 324 4972, or by email: <strong><a href=\"mailto:contact@karinejoncas.com\">contact@karinejoncas.com<\/a><\/strong>\t\t\t\t\t\t\t\t<\/div>\n\t\t\t\t<\/div>\n\t\t\t\t\t<\/div>\n\t\t<\/div>\n\t\t\t\t\t<\/div>\n\t\t<\/section>\n\t\t\t\t<div class=\"elementor-element elementor-element-f7cf418 kjtitlesection elementor-widget elementor-widget-text-editor\" data-id=\"f7cf418\" data-element_type=\"widget\" data-e-type=\"widget\" data-widget_type=\"text-editor.default\">\n\t\t\t\t<div class=\"elementor-widget-container\">\n\t\t\t\t\t\t\t\t\t<h2>Payment<\/h2>\t\t\t\t\t\t\t\t<\/div>\n\t\t\t\t<\/div>\n\t\t\t\t<div class=\"elementor-element elementor-element-8e4e9c4 elementor-widget elementor-widget-text-editor\" data-id=\"8e4e9c4\" data-element_type=\"widget\" data-e-type=\"widget\" data-widget_type=\"text-editor.default\">\n\t\t\t\t<div class=\"elementor-widget-container\">\n\t\t\t\t\t\t\t\t\t<h3>Secure Online Payment<\/h3><p>In order to offer a secure online buying experience, all purchases made on the<span class=\"Apple-converted-space\">\u00a0<\/span><strong>Karine Joncas Cosmetics Inc.<\/strong><span class=\"Apple-converted-space\">\u00a0<\/span>Web site will be processed through PayPal.<\/p><p>PayPal is the most secure and simple way to send and receive online payments. The service allows anyone to pay in any way he or she prefers, including by credit cards, bank account, buyer credit or account balance, without sharing financial information.<\/p><p>PayPal has become a global leader in online payment solutions with more than 153 million accounts worldwide.\u00a0Available in 190 markets and 24 currencies around the world, PayPal enables global e-commerce by making payments possible across different locations, currencies, and languages.<\/p><p>For more information regarding PayPal, please click on the following link:<a href=\"http:\/\/www.paypal.ca\/\"><span class=\"Apple-converted-space\">\u00a0<\/span>www.paypal.ca<\/a>.<\/p><p>\u00a0<\/p>\t\t\t\t\t\t\t\t<\/div>\n\t\t\t\t<\/div>\n\t\t\t\t\t<\/div>\n\t\t<\/div>\n\t\t\t\t\t<\/div>\n\t\t<\/section>\n\t\t\t\t<\/div>\n\t\t","protected":false},"excerpt":{"rendered":"<p>Shipping KARINE JONCAS only ships to Canadian addresses through Canada Post.\u00a0 \u00a0 Free Shipping Free with any online purchase of $60 or more (before sales taxes) of products only. For purchases of less than $60, a shipping and handling fee of $8 per order is applicable. Shipping Delay Your order will be delivered within 5 [&hellip;]<\/p>\n","protected":false},"author":7477,"featured_media":0,"parent":0,"menu_order":0,"comment_status":"closed","ping_status":"closed","template":"","meta":{"_acf_changed":false,"footnotes":""},"class_list":["post-11500","page","type-page","status-publish","hentry"],"acf":[],"yoast_head":"<!-- This site is optimized with the Yoast SEO Premium plugin v26.2 (Yoast SEO v27.4) - https:\/\/yoast.com\/product\/yoast-seo-premium-wordpress\/ -->\n<title>Karine Joncas | M\u00e9di-Cosm\u00e9tiques<\/title>\n<meta name=\"description\" content=\"Les vrais leaders des soins anti-\u00e2ge et multifonctions. Des produits haute performance de type professionnel \u00e0 domicile pour le mode de vie actif.\" \/>\n<meta name=\"robots\" content=\"index, follow, max-snippet:-1, max-image-preview:large, max-video-preview:-1\" \/>\n<link rel=\"canonical\" href=\"https:\/\/karinejoncasusa.com\/en\/delivery\/\" \/>\n<meta property=\"og:locale\" content=\"en_US\" \/>\n<meta property=\"og:type\" content=\"article\" \/>\n<meta property=\"og:title\" content=\"delivery\" \/>\n<meta property=\"og:description\" content=\"Les vrais leaders des soins anti-\u00e2ge et multifonctions. Des produits haute performance de type professionnel \u00e0 domicile pour le mode de vie actif.\" \/>\n<meta property=\"og:url\" content=\"https:\/\/karinejoncasusa.com\/en\/delivery\/\" \/>\n<meta property=\"og:site_name\" content=\"Karine Joncas Medi-Cosmetics\" \/>\n<meta property=\"article:publisher\" content=\"https:\/\/www.facebook.com\/KarineJoncasCanada\" \/>\n<meta property=\"article:modified_time\" content=\"2024-11-04T20:02:56+00:00\" \/>\n<meta property=\"og:image\" content=\"https:\/\/karinejoncas.ca\/wp-content\/uploads\/2024\/11\/Banner_RV_Livraison-et-Paiement_600x400_v1.png\" \/>\n<meta name=\"twitter:card\" content=\"summary_large_image\" \/>\n<meta name=\"twitter:label1\" content=\"Est. reading time\" \/>\n\t<meta name=\"twitter:data1\" content=\"2 minutes\" \/>\n<script type=\"application\/ld+json\" class=\"yoast-schema-graph\">{\"@context\":\"https:\\\/\\\/schema.org\",\"@graph\":[{\"@type\":\"WebPage\",\"@id\":\"https:\\\/\\\/karinejoncasusa.com\\\/en\\\/delivery\\\/\",\"url\":\"https:\\\/\\\/karinejoncasusa.com\\\/en\\\/delivery\\\/\",\"name\":\"Karine Joncas | M\u00e9di-Cosm\u00e9tiques\",\"isPartOf\":{\"@id\":\"https:\\\/\\\/karinejoncasusa.com\\\/en\\\/#website\"},\"primaryImageOfPage\":{\"@id\":\"https:\\\/\\\/karinejoncasusa.com\\\/en\\\/delivery\\\/#primaryimage\"},\"image\":{\"@id\":\"https:\\\/\\\/karinejoncasusa.com\\\/en\\\/delivery\\\/#primaryimage\"},\"thumbnailUrl\":\"https:\\\/\\\/karinejoncas.ca\\\/wp-content\\\/uploads\\\/2024\\\/11\\\/Banner_RV_Livraison-et-Paiement_600x400_v1.png\",\"datePublished\":\"2021-05-09T17:37:59+00:00\",\"dateModified\":\"2024-11-04T20:02:56+00:00\",\"description\":\"Les vrais leaders des soins anti-\u00e2ge et multifonctions. Des produits haute performance de type professionnel \u00e0 domicile pour le mode de vie actif.\",\"breadcrumb\":{\"@id\":\"https:\\\/\\\/karinejoncasusa.com\\\/en\\\/delivery\\\/#breadcrumb\"},\"inLanguage\":\"en-US\",\"potentialAction\":[{\"@type\":\"ReadAction\",\"target\":[\"https:\\\/\\\/karinejoncasusa.com\\\/en\\\/delivery\\\/\"]}]},{\"@type\":\"ImageObject\",\"inLanguage\":\"en-US\",\"@id\":\"https:\\\/\\\/karinejoncasusa.com\\\/en\\\/delivery\\\/#primaryimage\",\"url\":\"https:\\\/\\\/karinejoncas.ca\\\/wp-content\\\/uploads\\\/2024\\\/11\\\/Banner_RV_Livraison-et-Paiement_600x400_v1.png\",\"contentUrl\":\"https:\\\/\\\/karinejoncas.ca\\\/wp-content\\\/uploads\\\/2024\\\/11\\\/Banner_RV_Livraison-et-Paiement_600x400_v1.png\"},{\"@type\":\"BreadcrumbList\",\"@id\":\"https:\\\/\\\/karinejoncasusa.com\\\/en\\\/delivery\\\/#breadcrumb\",\"itemListElement\":[{\"@type\":\"ListItem\",\"position\":1,\"name\":\"Accueil\",\"item\":\"https:\\\/\\\/karinejoncasusa.com\\\/en\\\/\"},{\"@type\":\"ListItem\",\"position\":2,\"name\":\"delivery\"}]},{\"@type\":\"WebSite\",\"@id\":\"https:\\\/\\\/karinejoncasusa.com\\\/en\\\/#website\",\"url\":\"https:\\\/\\\/karinejoncasusa.com\\\/en\\\/\",\"name\":\"Karine Joncas\",\"description\":\"Medi-Cosmetics\",\"publisher\":{\"@id\":\"https:\\\/\\\/karinejoncasusa.com\\\/en\\\/#organization\"},\"alternateName\":\"Karine Joncas\",\"potentialAction\":[{\"@type\":\"SearchAction\",\"target\":{\"@type\":\"EntryPoint\",\"urlTemplate\":\"https:\\\/\\\/karinejoncasusa.com\\\/en\\\/?s={search_term_string}\"},\"query-input\":{\"@type\":\"PropertyValueSpecification\",\"valueRequired\":true,\"valueName\":\"search_term_string\"}}],\"inLanguage\":\"en-US\"},{\"@type\":\"Organization\",\"@id\":\"https:\\\/\\\/karinejoncasusa.com\\\/en\\\/#organization\",\"name\":\"Karine Joncas\",\"alternateName\":\"Karine Joncas | M\u00e9di-Cosm\u00e9tiques\",\"url\":\"https:\\\/\\\/karinejoncasusa.com\\\/en\\\/\",\"logo\":{\"@type\":\"ImageObject\",\"inLanguage\":\"en-US\",\"@id\":\"https:\\\/\\\/karinejoncasusa.com\\\/en\\\/#\\\/schema\\\/logo\\\/image\\\/\",\"url\":\"https:\\\/\\\/karinejoncas.ca\\\/wp-content\\\/uploads\\\/2023\\\/02\\\/logo_KarineJoncas_Rectangle.png\",\"contentUrl\":\"https:\\\/\\\/karinejoncas.ca\\\/wp-content\\\/uploads\\\/2023\\\/02\\\/logo_KarineJoncas_Rectangle.png\",\"width\":2700,\"height\":307,\"caption\":\"Karine Joncas\"},\"image\":{\"@id\":\"https:\\\/\\\/karinejoncasusa.com\\\/en\\\/#\\\/schema\\\/logo\\\/image\\\/\"},\"sameAs\":[\"https:\\\/\\\/www.facebook.com\\\/KarineJoncasCanada\"]}]}<\/script>\n<!-- \/ Yoast SEO Premium plugin. -->","yoast_head_json":{"title":"Karine Joncas | M\u00e9di-Cosm\u00e9tiques","description":"Les vrais leaders des soins anti-\u00e2ge et multifonctions. Des produits haute performance de type professionnel \u00e0 domicile pour le mode de vie actif.","robots":{"index":"index","follow":"follow","max-snippet":"max-snippet:-1","max-image-preview":"max-image-preview:large","max-video-preview":"max-video-preview:-1"},"canonical":"https:\/\/karinejoncasusa.com\/en\/delivery\/","og_locale":"en_US","og_type":"article","og_title":"delivery","og_description":"Les vrais leaders des soins anti-\u00e2ge et multifonctions. Des produits haute performance de type professionnel \u00e0 domicile pour le mode de vie actif.","og_url":"https:\/\/karinejoncasusa.com\/en\/delivery\/","og_site_name":"Karine Joncas Medi-Cosmetics","article_publisher":"https:\/\/www.facebook.com\/KarineJoncasCanada","article_modified_time":"2024-11-04T20:02:56+00:00","og_image":[{"url":"https:\/\/karinejoncas.ca\/wp-content\/uploads\/2024\/11\/Banner_RV_Livraison-et-Paiement_600x400_v1.png","type":"","width":"","height":""}],"twitter_card":"summary_large_image","twitter_misc":{"Est. reading time":"2 minutes"},"schema":{"@context":"https:\/\/schema.org","@graph":[{"@type":"WebPage","@id":"https:\/\/karinejoncasusa.com\/en\/delivery\/","url":"https:\/\/karinejoncasusa.com\/en\/delivery\/","name":"Karine Joncas | M\u00e9di-Cosm\u00e9tiques","isPartOf":{"@id":"https:\/\/karinejoncasusa.com\/en\/#website"},"primaryImageOfPage":{"@id":"https:\/\/karinejoncasusa.com\/en\/delivery\/#primaryimage"},"image":{"@id":"https:\/\/karinejoncasusa.com\/en\/delivery\/#primaryimage"},"thumbnailUrl":"https:\/\/karinejoncas.ca\/wp-content\/uploads\/2024\/11\/Banner_RV_Livraison-et-Paiement_600x400_v1.png","datePublished":"2021-05-09T17:37:59+00:00","dateModified":"2024-11-04T20:02:56+00:00","description":"Les vrais leaders des soins anti-\u00e2ge et multifonctions. Des produits haute performance de type professionnel \u00e0 domicile pour le mode de vie actif.","breadcrumb":{"@id":"https:\/\/karinejoncasusa.com\/en\/delivery\/#breadcrumb"},"inLanguage":"en-US","potentialAction":[{"@type":"ReadAction","target":["https:\/\/karinejoncasusa.com\/en\/delivery\/"]}]},{"@type":"ImageObject","inLanguage":"en-US","@id":"https:\/\/karinejoncasusa.com\/en\/delivery\/#primaryimage","url":"https:\/\/karinejoncas.ca\/wp-content\/uploads\/2024\/11\/Banner_RV_Livraison-et-Paiement_600x400_v1.png","contentUrl":"https:\/\/karinejoncas.ca\/wp-content\/uploads\/2024\/11\/Banner_RV_Livraison-et-Paiement_600x400_v1.png"},{"@type":"BreadcrumbList","@id":"https:\/\/karinejoncasusa.com\/en\/delivery\/#breadcrumb","itemListElement":[{"@type":"ListItem","position":1,"name":"Accueil","item":"https:\/\/karinejoncasusa.com\/en\/"},{"@type":"ListItem","position":2,"name":"delivery"}]},{"@type":"WebSite","@id":"https:\/\/karinejoncasusa.com\/en\/#website","url":"https:\/\/karinejoncasusa.com\/en\/","name":"Karine Joncas","description":"Medi-Cosmetics","publisher":{"@id":"https:\/\/karinejoncasusa.com\/en\/#organization"},"alternateName":"Karine Joncas","potentialAction":[{"@type":"SearchAction","target":{"@type":"EntryPoint","urlTemplate":"https:\/\/karinejoncasusa.com\/en\/?s={search_term_string}"},"query-input":{"@type":"PropertyValueSpecification","valueRequired":true,"valueName":"search_term_string"}}],"inLanguage":"en-US"},{"@type":"Organization","@id":"https:\/\/karinejoncasusa.com\/en\/#organization","name":"Karine Joncas","alternateName":"Karine Joncas | M\u00e9di-Cosm\u00e9tiques","url":"https:\/\/karinejoncasusa.com\/en\/","logo":{"@type":"ImageObject","inLanguage":"en-US","@id":"https:\/\/karinejoncasusa.com\/en\/#\/schema\/logo\/image\/","url":"https:\/\/karinejoncas.ca\/wp-content\/uploads\/2023\/02\/logo_KarineJoncas_Rectangle.png","contentUrl":"https:\/\/karinejoncas.ca\/wp-content\/uploads\/2023\/02\/logo_KarineJoncas_Rectangle.png","width":2700,"height":307,"caption":"Karine Joncas"},"image":{"@id":"https:\/\/karinejoncasusa.com\/en\/#\/schema\/logo\/image\/"},"sameAs":["https:\/\/www.facebook.com\/KarineJoncasCanada"]}]}},"_links":{"self":[{"href":"https:\/\/karinejoncasusa.com\/en\/wp-json\/wp\/v2\/pages\/11500","targetHints":{"allow":["GET"]}}],"collection":[{"href":"https:\/\/karinejoncasusa.com\/en\/wp-json\/wp\/v2\/pages"}],"about":[{"href":"https:\/\/karinejoncasusa.com\/en\/wp-json\/wp\/v2\/types\/page"}],"author":[{"embeddable":true,"href":"https:\/\/karinejoncasusa.com\/en\/wp-json\/wp\/v2\/users\/7477"}],"replies":[{"embeddable":true,"href":"https:\/\/karinejoncasusa.com\/en\/wp-json\/wp\/v2\/comments?post=11500"}],"version-history":[{"count":0,"href":"https:\/\/karinejoncasusa.com\/en\/wp-json\/wp\/v2\/pages\/11500\/revisions"}],"wp:attachment":[{"href":"https:\/\/karinejoncasusa.com\/en\/wp-json\/wp\/v2\/media?parent=11500"}],"curies":[{"name":"wp","href":"https:\/\/api.w.org\/{rel}","templated":true}]}}