{"id":15198,"date":"2021-06-14T13:49:27","date_gmt":"2021-06-14T17:49:27","guid":{"rendered":"https:\/\/staging.karinejoncas.ca\/sitemap\/"},"modified":"2021-06-14T13:49:27","modified_gmt":"2021-06-14T17:49:27","slug":"sitemap","status":"publish","type":"page","link":"https:\/\/karinejoncasusa.com\/en\/sitemap\/","title":{"rendered":"Sitemap"},"content":{"rendered":"\t\t<div data-elementor-type=\"wp-page\" data-elementor-id=\"15198\" class=\"elementor elementor-15198 elementor-15191\" data-elementor-post-type=\"page\">\n\t\t\t\t\t\t<section class=\"elementor-section elementor-top-section elementor-element elementor-element-62e030c elementor-section-boxed elementor-section-height-default elementor-section-height-default\" data-id=\"62e030c\" data-element_type=\"section\" data-e-type=\"section\">\n\t\t\t\t\t\t<div class=\"elementor-container elementor-column-gap-default\">\n\t\t\t\t\t<div class=\"elementor-column elementor-col-100 elementor-top-column elementor-element elementor-element-a218dff\" data-id=\"a218dff\" data-element_type=\"column\" data-e-type=\"column\">\n\t\t\t<div class=\"elementor-widget-wrap elementor-element-populated\">\n\t\t\t\t\t\t<div class=\"elementor-element elementor-element-5ed7b5c elementor-widget elementor-widget-sitemap\" data-id=\"5ed7b5c\" data-element_type=\"widget\" data-e-type=\"widget\" data-widget_type=\"sitemap.default\">\n\t\t\t\t<div class=\"elementor-widget-container\">\n\t\t\t\t\t<div class=\"elementor-sitemap-wrap\"><div class=\"elementor-sitemap-section\"><h2 class=\"elementor-sitemap-title elementor-sitemap-page-title\">Pages<\/h2><ul class=\"elementor-sitemap-list elementor-sitemap-page-list\"><li class=\"elementor-sitemap-item elementor-sitemap-item-page page_item page-item-64004\"><a href=\"https:\/\/karinejoncasusa.com\/en\/lip-care\/\">Lip Care<\/a><\/li><li class=\"elementor-sitemap-item elementor-sitemap-item-page page_item page-item-68618\"><a href=\"https:\/\/karinejoncasusa.com\/en\/hair-care\/\">Hair Care<\/a><\/li><li class=\"elementor-sitemap-item elementor-sitemap-item-page page_item page-item-22\"><a href=\"https:\/\/karinejoncasusa.com\/en\/cart\/\">Shopping Cart<\/a><\/li><li class=\"elementor-sitemap-item elementor-sitemap-item-page page_item page-item-23\"><a href=\"https:\/\/karinejoncasusa.com\/en\/checkout\/\">Commande<\/a><\/li><li class=\"elementor-sitemap-item elementor-sitemap-item-page page_item page-item-24\"><a href=\"https:\/\/karinejoncasusa.com\/en\/my-account\/\">My Account<\/a><\/li><li class=\"elementor-sitemap-item elementor-sitemap-item-page page_item page-item-25\"><a href=\"https:\/\/karinejoncasusa.com\/en\/terms-conditions\/\">Terms &#038; Conditions<\/a><\/li><li class=\"elementor-sitemap-item elementor-sitemap-item-page page_item page-item-29\"><a href=\"https:\/\/karinejoncasusa.com\/en\/\">Home<\/a><\/li><li class=\"elementor-sitemap-item elementor-sitemap-item-page page_item page-item-12580\"><a href=\"https:\/\/karinejoncasusa.com\/en\/loyalty-program\/\">KJ Loyalty Programs<\/a><\/li><li class=\"elementor-sitemap-item elementor-sitemap-item-page page_item page-item-50983\"><a href=\"https:\/\/karinejoncasusa.com\/en\/contact\/\">Contact us<\/a><\/li><li class=\"elementor-sitemap-item elementor-sitemap-item-page page_item page-item-14675\"><a href=\"https:\/\/karinejoncasusa.com\/en\/careers\/\">Careers<\/a><\/li><li class=\"elementor-sitemap-item elementor-sitemap-item-page page_item page-item-15958\"><a href=\"https:\/\/karinejoncasusa.com\/en\/wishlist\/\">Wishlist<\/a><\/li><li class=\"elementor-sitemap-item elementor-sitemap-item-page page_item page-item-15198\"><a href=\"https:\/\/karinejoncasusa.com\/en\/sitemap\/\">Sitemap<\/a><\/li><li class=\"elementor-sitemap-item elementor-sitemap-item-page page_item page-item-11115\"><a href=\"https:\/\/karinejoncasusa.com\/en\/terms-and-conditions-of-sale\/\">Terms and conditions of sale<\/a><\/li><li class=\"elementor-sitemap-item elementor-sitemap-item-page page_item page-item-11633\"><a href=\"https:\/\/karinejoncasusa.com\/en\/essential-dermo-routine\/\">Essential Routine KJ<\/a><\/li><li class=\"elementor-sitemap-item elementor-sitemap-item-page page_item page-item-11380\"><a href=\"https:\/\/karinejoncasusa.com\/en\/the-kj-values\/\">The KJ Values<\/a><\/li><li class=\"elementor-sitemap-item elementor-sitemap-item-page page_item page-item-11636\"><a href=\"https:\/\/karinejoncasusa.com\/en\/optimal-dermo-routine\/\">Optimal Routine KJ<\/a><\/li><li class=\"elementor-sitemap-item elementor-sitemap-item-page page_item page-item-11639\"><a href=\"https:\/\/karinejoncasusa.com\/en\/body-dermo-routine\/\">Body Routine KJ<\/a><\/li><li class=\"elementor-sitemap-item elementor-sitemap-item-page page_item page-item-60028\"><a href=\"https:\/\/karinejoncasusa.com\/en\/perfumes\/\">Perfumes<\/a><\/li><li class=\"elementor-sitemap-item elementor-sitemap-item-page page_item page-item-9858\"><a href=\"https:\/\/karinejoncasusa.com\/en\/accessoires-kj\/\">KJ Accessories<\/a><\/li><li class=\"elementor-sitemap-item elementor-sitemap-item-page page_item page-item-9862\"><a href=\"https:\/\/karinejoncasusa.com\/en\/univers-karine-joncas\/\">Karine Joncas Universe<\/a><\/li><li class=\"elementor-sitemap-item elementor-sitemap-item-page page_item page-item-73863\"><a href=\"https:\/\/karinejoncasusa.com\/en\/kj-affiliate-en\/\">Goaffpro Dashboard EN<\/a><\/li><li class=\"elementor-sitemap-item elementor-sitemap-item-page page_item page-item-9870\"><a href=\"https:\/\/karinejoncasusa.com\/en\/mentions-legales\/\">Legal Information<\/a><\/li><li class=\"elementor-sitemap-item elementor-sitemap-item-page page_item page-item-9874\"><a href=\"https:\/\/karinejoncasusa.com\/en\/points-of-sale\/\">Store Locator<\/a><\/li><li class=\"elementor-sitemap-item elementor-sitemap-item-page page_item page-item-9877\"><a href=\"https:\/\/karinejoncasusa.com\/en\/site-map\/\">Site Map<\/a><\/li><li class=\"elementor-sitemap-item elementor-sitemap-item-page page_item page-item-9880\"><a href=\"https:\/\/karinejoncasusa.com\/en\/dermo-routines\/\">Dermo-routines KJ<\/a><\/li><li class=\"elementor-sitemap-item elementor-sitemap-item-page page_item page-item-9889\"><a href=\"https:\/\/karinejoncasusa.com\/en\/face-care\/\">Face care<\/a><ul class='children'><li class=\"elementor-sitemap-item elementor-sitemap-item-page page_item page-item-19021\"><a href=\"https:\/\/karinejoncasusa.com\/en\/face-care\/eyes-care\/\">Eye Care<\/a><\/li><li class=\"elementor-sitemap-item elementor-sitemap-item-page page_item page-item-16777\"><a href=\"https:\/\/karinejoncasusa.com\/en\/face-care\/bio-skincare\/\">BIO Skincare<\/a><\/li><li class=\"elementor-sitemap-item elementor-sitemap-item-page page_item page-item-11688\"><a href=\"https:\/\/karinejoncasusa.com\/en\/face-care\/makeup-removers-cleansers\/\">Makeup Removers \/ Cleansers<\/a><\/li><li class=\"elementor-sitemap-item elementor-sitemap-item-page page_item page-item-14769\"><a href=\"https:\/\/karinejoncasusa.com\/en\/face-care\/exfoliator-masks\/\">Exfoliators \/ Peelings<\/a><\/li><li class=\"elementor-sitemap-item elementor-sitemap-item-page page_item page-item-14773\"><a href=\"https:\/\/karinejoncasusa.com\/en\/face-care\/dermo-intensive-concentrates\/\">Dermo-Intensive Concentrates<\/a><\/li><li class=\"elementor-sitemap-item elementor-sitemap-item-page page_item page-item-14775\"><a href=\"https:\/\/karinejoncasusa.com\/en\/face-care\/anti-aging-serums\/\">Anti-Aging Serums<\/a><\/li><li class=\"elementor-sitemap-item elementor-sitemap-item-page page_item page-item-14777\"><a href=\"https:\/\/karinejoncasusa.com\/en\/face-care\/dermo-lift-corrective-patches\/\">Dermo-Lift Corrective Patches<\/a><\/li><li class=\"elementor-sitemap-item elementor-sitemap-item-page page_item page-item-14779\"><a href=\"https:\/\/karinejoncasusa.com\/en\/face-care\/creams-gel\/\">Creams \/ Gel<\/a><\/li><li class=\"elementor-sitemap-item elementor-sitemap-item-page page_item page-item-14782\"><a href=\"https:\/\/karinejoncasusa.com\/en\/face-care\/travel-size\/\">Trial \/ Travel Sizes<\/a><\/li><li class=\"elementor-sitemap-item elementor-sitemap-item-page page_item page-item-14790\"><a href=\"https:\/\/karinejoncasusa.com\/en\/face-care\/hydratation\/\">Hydratation<\/a><\/li><li class=\"elementor-sitemap-item elementor-sitemap-item-page page_item page-item-14792\"><a href=\"https:\/\/karinejoncasusa.com\/en\/face-care\/redness\/\">Redness<\/a><\/li><li class=\"elementor-sitemap-item elementor-sitemap-item-page page_item page-item-14796\"><a href=\"https:\/\/karinejoncasusa.com\/en\/face-care\/radiance\/\">Radiance<\/a><\/li><li class=\"elementor-sitemap-item elementor-sitemap-item-page page_item page-item-14800\"><a href=\"https:\/\/karinejoncasusa.com\/en\/face-care\/skin-imperfections-and-visible-pores\/\">Skin Imperfections and Visible Pores<\/a><\/li><li class=\"elementor-sitemap-item elementor-sitemap-item-page page_item page-item-14804\"><a href=\"https:\/\/karinejoncasusa.com\/en\/face-care\/dark-spots\/\">Dark Spots<\/a><\/li><li class=\"elementor-sitemap-item elementor-sitemap-item-page page_item page-item-76501\"><a href=\"https:\/\/karinejoncasusa.com\/en\/face-care\/sun-care\/\">Sun Care<\/a><\/li><li class=\"elementor-sitemap-item elementor-sitemap-item-page page_item page-item-14808\"><a href=\"https:\/\/karinejoncasusa.com\/en\/face-care\/age-prevention\/\">Age Prevention<\/a><\/li><li class=\"elementor-sitemap-item elementor-sitemap-item-page page_item page-item-14810\"><a href=\"https:\/\/karinejoncasusa.com\/en\/face-care\/fine-lines-wrinkles\/\">Fine Lines &#038; Wrinkles<\/a><\/li><li class=\"elementor-sitemap-item elementor-sitemap-item-page page_item page-item-14812\"><a href=\"https:\/\/karinejoncasusa.com\/en\/face-care\/firming\/\">Firming<\/a><\/li><li class=\"elementor-sitemap-item elementor-sitemap-item-page page_item page-item-14814\"><a href=\"https:\/\/karinejoncasusa.com\/en\/face-care\/puffiness-dark-circles\/\">Puffiness \/ Dark Circles<\/a><\/li><li class=\"elementor-sitemap-item elementor-sitemap-item-page page_item page-item-19177\"><a href=\"https:\/\/karinejoncasusa.com\/en\/face-care\/masks\/\">Masks<\/a><\/li><li class=\"elementor-sitemap-item elementor-sitemap-item-page page_item page-item-14836\"><a href=\"https:\/\/karinejoncasusa.com\/en\/face-care\/beauty-water\/\">Beauty Water<\/a><\/li><\/ul><\/li><li class=\"elementor-sitemap-item elementor-sitemap-item-page page_item page-item-9893\"><a href=\"https:\/\/karinejoncasusa.com\/en\/spa-at-home\/\">Spa at home<\/a><\/li><li class=\"elementor-sitemap-item elementor-sitemap-item-page page_item page-item-9896\"><a href=\"https:\/\/karinejoncasusa.com\/en\/terms-conditions-2\/\">Terms &#038; Conditions<\/a><\/li><li class=\"elementor-sitemap-item elementor-sitemap-item-page page_item page-item-78528\"><a href=\"https:\/\/karinejoncasusa.com\/en\/ultimate-pro-youth\/\">Ultimate+ Pro-Youth<\/a><\/li><li class=\"elementor-sitemap-item elementor-sitemap-item-page page_item page-item-79306\"><a href=\"https:\/\/karinejoncasusa.com\/en\/2-step-basic-kj-dermo-routine\/\">2-Step Basic KJ Dermo-Routine<\/a><\/li><li class=\"elementor-sitemap-item elementor-sitemap-item-page page_item page-item-11480\"><a href=\"https:\/\/karinejoncasusa.com\/en\/our-engagement\/\">Our engagement<\/a><\/li><li class=\"elementor-sitemap-item elementor-sitemap-item-page page_item page-item-9946\"><a href=\"https:\/\/karinejoncasusa.com\/en\/kj-blog\/\">KJ Blog<\/a><\/li><li class=\"elementor-sitemap-item elementor-sitemap-item-page page_item page-item-14816\"><a href=\"https:\/\/karinejoncasusa.com\/en\/body-care\/\">Body Care<\/a><ul class='children'><li class=\"elementor-sitemap-item elementor-sitemap-item-page page_item page-item-14784\"><a href=\"https:\/\/karinejoncasusa.com\/en\/body-care\/travel-size\/\">Trial \/ Travel Sizes<\/a><\/li><li class=\"elementor-sitemap-item elementor-sitemap-item-page page_item page-item-14818\"><a href=\"https:\/\/karinejoncasusa.com\/en\/body-care\/cleanser\/\">Cleanser<\/a><\/li><li class=\"elementor-sitemap-item elementor-sitemap-item-page page_item page-item-14820\"><a href=\"https:\/\/karinejoncasusa.com\/en\/body-care\/peeling\/\">Exfoliator \/ Peeling<\/a><\/li><li class=\"elementor-sitemap-item elementor-sitemap-item-page page_item page-item-14822\"><a href=\"https:\/\/karinejoncasusa.com\/en\/body-care\/serums\/\">Serums<\/a><\/li><li class=\"elementor-sitemap-item elementor-sitemap-item-page page_item page-item-14824\"><a href=\"https:\/\/karinejoncasusa.com\/en\/body-care\/creams\/\">Creams<\/a><\/li><\/ul><\/li><li class=\"elementor-sitemap-item elementor-sitemap-item-page page_item page-item-11500\"><a href=\"https:\/\/karinejoncasusa.com\/en\/delivery\/\">delivery<\/a><\/li><li class=\"elementor-sitemap-item elementor-sitemap-item-page page_item page-item-73965\"><a href=\"https:\/\/karinejoncasusa.com\/en\/accessories\/\">Accessories<\/a><\/li><li class=\"elementor-sitemap-item elementor-sitemap-item-page page_item page-item-11253\"><a href=\"https:\/\/karinejoncasusa.com\/en\/the-kj-method\/\">The KJ Method<\/a><\/li><\/ul><\/div><\/div>\t\t\t\t<\/div>\n\t\t\t\t<\/div>\n\t\t\t\t\t<\/div>\n\t\t<\/div>\n\t\t\t\t\t<\/div>\n\t\t<\/section>\n\t\t\t\t<\/div>\n\t\t","protected":false},"excerpt":{"rendered":"","protected":false},"author":7769,"featured_media":0,"parent":0,"menu_order":0,"comment_status":"closed","ping_status":"closed","template":"","meta":{"_acf_changed":false,"footnotes":""},"class_list":["post-15198","page","type-page","status-publish","hentry"],"acf":[],"yoast_head":"<!-- This site is optimized with the Yoast SEO Premium plugin v26.2 (Yoast SEO v27.4) - https:\/\/yoast.com\/product\/yoast-seo-premium-wordpress\/ -->\n<title>Karine Joncas | M\u00e9di-Cosm\u00e9tiques<\/title>\n<meta name=\"description\" content=\"Les vrais leaders des soins anti-\u00e2ge et multifonctions. Des produits haute performance de type professionnel \u00e0 domicile pour le mode de vie actif.\" \/>\n<meta name=\"robots\" content=\"index, follow, max-snippet:-1, max-image-preview:large, max-video-preview:-1\" \/>\n<link rel=\"canonical\" href=\"https:\/\/karinejoncasusa.com\/en\/sitemap\/\" \/>\n<meta property=\"og:locale\" content=\"en_US\" \/>\n<meta property=\"og:type\" content=\"article\" \/>\n<meta property=\"og:title\" content=\"Sitemap\" \/>\n<meta property=\"og:description\" content=\"Les vrais leaders des soins anti-\u00e2ge et multifonctions. Des produits haute performance de type professionnel \u00e0 domicile pour le mode de vie actif.\" \/>\n<meta property=\"og:url\" content=\"https:\/\/karinejoncasusa.com\/en\/sitemap\/\" \/>\n<meta property=\"og:site_name\" content=\"Karine Joncas Medi-Cosmetics\" \/>\n<meta property=\"article:publisher\" content=\"https:\/\/www.facebook.com\/KarineJoncasCanada\" \/>\n<meta name=\"twitter:card\" content=\"summary_large_image\" \/>\n<script type=\"application\/ld+json\" class=\"yoast-schema-graph\">{\"@context\":\"https:\\\/\\\/schema.org\",\"@graph\":[{\"@type\":\"WebPage\",\"@id\":\"https:\\\/\\\/karinejoncasusa.com\\\/en\\\/sitemap\\\/\",\"url\":\"https:\\\/\\\/karinejoncasusa.com\\\/en\\\/sitemap\\\/\",\"name\":\"Karine Joncas | M\u00e9di-Cosm\u00e9tiques\",\"isPartOf\":{\"@id\":\"https:\\\/\\\/karinejoncasusa.com\\\/en\\\/#website\"},\"datePublished\":\"2021-06-14T17:49:27+00:00\",\"description\":\"Les vrais leaders des soins anti-\u00e2ge et multifonctions. Des produits haute performance de type professionnel \u00e0 domicile pour le mode de vie actif.\",\"breadcrumb\":{\"@id\":\"https:\\\/\\\/karinejoncasusa.com\\\/en\\\/sitemap\\\/#breadcrumb\"},\"inLanguage\":\"en-US\",\"potentialAction\":[{\"@type\":\"ReadAction\",\"target\":[\"https:\\\/\\\/karinejoncasusa.com\\\/en\\\/sitemap\\\/\"]}]},{\"@type\":\"BreadcrumbList\",\"@id\":\"https:\\\/\\\/karinejoncasusa.com\\\/en\\\/sitemap\\\/#breadcrumb\",\"itemListElement\":[{\"@type\":\"ListItem\",\"position\":1,\"name\":\"Accueil\",\"item\":\"https:\\\/\\\/karinejoncasusa.com\\\/en\\\/\"},{\"@type\":\"ListItem\",\"position\":2,\"name\":\"Sitemap\"}]},{\"@type\":\"WebSite\",\"@id\":\"https:\\\/\\\/karinejoncasusa.com\\\/en\\\/#website\",\"url\":\"https:\\\/\\\/karinejoncasusa.com\\\/en\\\/\",\"name\":\"Karine Joncas\",\"description\":\"Medi-Cosmetics\",\"publisher\":{\"@id\":\"https:\\\/\\\/karinejoncasusa.com\\\/en\\\/#organization\"},\"alternateName\":\"Karine Joncas\",\"potentialAction\":[{\"@type\":\"SearchAction\",\"target\":{\"@type\":\"EntryPoint\",\"urlTemplate\":\"https:\\\/\\\/karinejoncasusa.com\\\/en\\\/?s={search_term_string}\"},\"query-input\":{\"@type\":\"PropertyValueSpecification\",\"valueRequired\":true,\"valueName\":\"search_term_string\"}}],\"inLanguage\":\"en-US\"},{\"@type\":\"Organization\",\"@id\":\"https:\\\/\\\/karinejoncasusa.com\\\/en\\\/#organization\",\"name\":\"Karine Joncas\",\"alternateName\":\"Karine Joncas | M\u00e9di-Cosm\u00e9tiques\",\"url\":\"https:\\\/\\\/karinejoncasusa.com\\\/en\\\/\",\"logo\":{\"@type\":\"ImageObject\",\"inLanguage\":\"en-US\",\"@id\":\"https:\\\/\\\/karinejoncasusa.com\\\/en\\\/#\\\/schema\\\/logo\\\/image\\\/\",\"url\":\"https:\\\/\\\/karinejoncas.ca\\\/wp-content\\\/uploads\\\/2023\\\/02\\\/logo_KarineJoncas_Rectangle.png\",\"contentUrl\":\"https:\\\/\\\/karinejoncas.ca\\\/wp-content\\\/uploads\\\/2023\\\/02\\\/logo_KarineJoncas_Rectangle.png\",\"width\":2700,\"height\":307,\"caption\":\"Karine Joncas\"},\"image\":{\"@id\":\"https:\\\/\\\/karinejoncasusa.com\\\/en\\\/#\\\/schema\\\/logo\\\/image\\\/\"},\"sameAs\":[\"https:\\\/\\\/www.facebook.com\\\/KarineJoncasCanada\"]}]}<\/script>\n<!-- \/ Yoast SEO Premium plugin. -->","yoast_head_json":{"title":"Karine Joncas | M\u00e9di-Cosm\u00e9tiques","description":"Les vrais leaders des soins anti-\u00e2ge et multifonctions. Des produits haute performance de type professionnel \u00e0 domicile pour le mode de vie actif.","robots":{"index":"index","follow":"follow","max-snippet":"max-snippet:-1","max-image-preview":"max-image-preview:large","max-video-preview":"max-video-preview:-1"},"canonical":"https:\/\/karinejoncasusa.com\/en\/sitemap\/","og_locale":"en_US","og_type":"article","og_title":"Sitemap","og_description":"Les vrais leaders des soins anti-\u00e2ge et multifonctions. Des produits haute performance de type professionnel \u00e0 domicile pour le mode de vie actif.","og_url":"https:\/\/karinejoncasusa.com\/en\/sitemap\/","og_site_name":"Karine Joncas Medi-Cosmetics","article_publisher":"https:\/\/www.facebook.com\/KarineJoncasCanada","twitter_card":"summary_large_image","schema":{"@context":"https:\/\/schema.org","@graph":[{"@type":"WebPage","@id":"https:\/\/karinejoncasusa.com\/en\/sitemap\/","url":"https:\/\/karinejoncasusa.com\/en\/sitemap\/","name":"Karine Joncas | M\u00e9di-Cosm\u00e9tiques","isPartOf":{"@id":"https:\/\/karinejoncasusa.com\/en\/#website"},"datePublished":"2021-06-14T17:49:27+00:00","description":"Les vrais leaders des soins anti-\u00e2ge et multifonctions. Des produits haute performance de type professionnel \u00e0 domicile pour le mode de vie actif.","breadcrumb":{"@id":"https:\/\/karinejoncasusa.com\/en\/sitemap\/#breadcrumb"},"inLanguage":"en-US","potentialAction":[{"@type":"ReadAction","target":["https:\/\/karinejoncasusa.com\/en\/sitemap\/"]}]},{"@type":"BreadcrumbList","@id":"https:\/\/karinejoncasusa.com\/en\/sitemap\/#breadcrumb","itemListElement":[{"@type":"ListItem","position":1,"name":"Accueil","item":"https:\/\/karinejoncasusa.com\/en\/"},{"@type":"ListItem","position":2,"name":"Sitemap"}]},{"@type":"WebSite","@id":"https:\/\/karinejoncasusa.com\/en\/#website","url":"https:\/\/karinejoncasusa.com\/en\/","name":"Karine Joncas","description":"Medi-Cosmetics","publisher":{"@id":"https:\/\/karinejoncasusa.com\/en\/#organization"},"alternateName":"Karine Joncas","potentialAction":[{"@type":"SearchAction","target":{"@type":"EntryPoint","urlTemplate":"https:\/\/karinejoncasusa.com\/en\/?s={search_term_string}"},"query-input":{"@type":"PropertyValueSpecification","valueRequired":true,"valueName":"search_term_string"}}],"inLanguage":"en-US"},{"@type":"Organization","@id":"https:\/\/karinejoncasusa.com\/en\/#organization","name":"Karine Joncas","alternateName":"Karine Joncas | M\u00e9di-Cosm\u00e9tiques","url":"https:\/\/karinejoncasusa.com\/en\/","logo":{"@type":"ImageObject","inLanguage":"en-US","@id":"https:\/\/karinejoncasusa.com\/en\/#\/schema\/logo\/image\/","url":"https:\/\/karinejoncas.ca\/wp-content\/uploads\/2023\/02\/logo_KarineJoncas_Rectangle.png","contentUrl":"https:\/\/karinejoncas.ca\/wp-content\/uploads\/2023\/02\/logo_KarineJoncas_Rectangle.png","width":2700,"height":307,"caption":"Karine Joncas"},"image":{"@id":"https:\/\/karinejoncasusa.com\/en\/#\/schema\/logo\/image\/"},"sameAs":["https:\/\/www.facebook.com\/KarineJoncasCanada"]}]}},"_links":{"self":[{"href":"https:\/\/karinejoncasusa.com\/en\/wp-json\/wp\/v2\/pages\/15198","targetHints":{"allow":["GET"]}}],"collection":[{"href":"https:\/\/karinejoncasusa.com\/en\/wp-json\/wp\/v2\/pages"}],"about":[{"href":"https:\/\/karinejoncasusa.com\/en\/wp-json\/wp\/v2\/types\/page"}],"author":[{"embeddable":true,"href":"https:\/\/karinejoncasusa.com\/en\/wp-json\/wp\/v2\/users\/7769"}],"replies":[{"embeddable":true,"href":"https:\/\/karinejoncasusa.com\/en\/wp-json\/wp\/v2\/comments?post=15198"}],"version-history":[{"count":0,"href":"https:\/\/karinejoncasusa.com\/en\/wp-json\/wp\/v2\/pages\/15198\/revisions"}],"wp:attachment":[{"href":"https:\/\/karinejoncasusa.com\/en\/wp-json\/wp\/v2\/media?parent=15198"}],"curies":[{"name":"wp","href":"https:\/\/api.w.org\/{rel}","templated":true}]}}