{"id":22,"date":"2021-04-24T20:42:32","date_gmt":"2021-04-25T00:42:32","guid":{"rendered":"https:\/\/staging.karinejoncas.ca\/cart\/"},"modified":"2025-01-06T17:31:05","modified_gmt":"2025-01-06T22:31:05","slug":"cart","status":"publish","type":"page","link":"https:\/\/karinejoncasusa.com\/en\/cart\/","title":{"rendered":"Shopping Cart"},"content":{"rendered":"\t\t<div data-elementor-type=\"wp-page\" data-elementor-id=\"22\" class=\"elementor elementor-22 elementor-8\" data-elementor-post-type=\"page\">\n\t\t\t\t\t\t<section class=\"elementor-section elementor-top-section elementor-element elementor-element-01ef084 elementor-section-boxed elementor-section-height-default elementor-section-height-default\" data-id=\"01ef084\" data-element_type=\"section\" data-e-type=\"section\">\n\t\t\t\t\t\t<div class=\"elementor-container elementor-column-gap-default\">\n\t\t\t\t\t<div class=\"elementor-column elementor-col-100 elementor-top-column elementor-element elementor-element-a505148\" data-id=\"a505148\" data-element_type=\"column\" data-e-type=\"column\">\n\t\t\t<div class=\"elementor-widget-wrap elementor-element-populated\">\n\t\t\t\t\t\t<div class=\"elementor-element elementor-element-4283dab e-cart-layout-two-column elementor-widget elementor-widget-woocommerce-cart\" data-id=\"4283dab\" data-element_type=\"widget\" data-e-type=\"widget\" data-widget_type=\"woocommerce-cart.default\">\n\t\t\t\t<div class=\"elementor-widget-container\">\n\t\t\t\t\t<div class=\"woocommerce\">\n<div class=\"jet-woo-builder-woocommerce-empty-cart\">\n\t<style>.elementor-15956 .elementor-element.elementor-element-a1c50e9 > .elementor-container{max-width:1320px;}.elementor-15956 .elementor-element.elementor-element-a1c50e9{margin-top:-16px;margin-bottom:0px;padding:0px 0px 90px 0px;}.elementor-bc-flex-widget .elementor-15956 .elementor-element.elementor-element-db164ef.elementor-column .elementor-widget-wrap{align-items:center;}.elementor-15956 .elementor-element.elementor-element-db164ef.elementor-column.elementor-element[data-element_type=\"column\"] > .elementor-widget-wrap.elementor-element-populated{align-content:center;align-items:center;}.elementor-15956 .elementor-element.elementor-element-db164ef.elementor-column > .elementor-widget-wrap{justify-content:space-between;}.elementor-15956 .elementor-element.elementor-element-db164ef > .elementor-element-populated{margin:50px 0px 0px 0px;--e-column-margin-right:0px;--e-column-margin-left:0px;padding:0px 10px 0px 10px;}.elementor-15956 .elementor-element.elementor-element-aed4d90{text-align:center;}.elementor-15956 .elementor-element.elementor-element-aed4d90 .elementor-heading-title{font-family:\"Muli\", Sans-serif;font-size:30px;font-weight:600;line-height:50px;letter-spacing:0px;color:#252531;}.elementor-15956 .elementor-element.elementor-element-aed4d90 > .elementor-widget-container{margin:0px 0px 24px 0px;}.elementor-15956 .elementor-element.elementor-element-504f5d9 .cart-empty.woocommerce-info{font-family:\"Muli\", Sans-serif;font-size:14px;font-weight:400;line-height:20px;letter-spacing:0px;color:#252531;border-style:solid;border-width:0px 0px 0px 0px;border-radius:0px 0px 0px 0px;text-align:left;}.elementor-15956 .elementor-element.elementor-element-504f5d9 .cart-empty.woocommerce-info:before{color:#FFFFFF;font-size:16px;margin-right:10px;}.elementor-15956 .elementor-element.elementor-element-504f5d9{width:auto;max-width:auto;}.elementor-15956 .elementor-element.elementor-element-10dc466 .return-to-shop .button{font-family:\"Muli\", Sans-serif;font-size:14px;font-weight:700;text-transform:none;line-height:20px;letter-spacing:0px;color:#FFFFFF !important;padding:19px 131px 18px 131px;}.elementor-15956 .elementor-element.elementor-element-10dc466 .return-to-shop .button:hover, .elementor-15956 .elementor-element.elementor-element-10dc466 .return-to-shop .button:focus{color:#FFFFFF !important;background-color:var( --e-global-color-primary );}.elementor-15956 .elementor-element.elementor-element-10dc466 .return-to-shop{text-align:right;}.elementor-15956 .elementor-element.elementor-element-10dc466{width:auto;max-width:auto;}@media(max-width:1024px){.elementor-15956 .elementor-element.elementor-element-a1c50e9{padding:40px 0px 90px 0px;}.elementor-bc-flex-widget .elementor-15956 .elementor-element.elementor-element-db164ef.elementor-column .elementor-widget-wrap{align-items:center;}.elementor-15956 .elementor-element.elementor-element-db164ef.elementor-column.elementor-element[data-element_type=\"column\"] > .elementor-widget-wrap.elementor-element-populated{align-content:center;align-items:center;}.elementor-15956 .elementor-element.elementor-element-db164ef > .elementor-element-populated{padding:0px 10px 0px 10px;}.elementor-15956 .elementor-element.elementor-element-aed4d90 .elementor-heading-title{font-size:24px;line-height:30px;}.elementor-15956 .elementor-element.elementor-element-10dc466 .return-to-shop .button{padding:18px 60px 18px 60px;}}@media(max-width:767px){.elementor-15956 .elementor-element.elementor-element-a1c50e9{margin-top:0px;margin-bottom:0px;padding:40px 0px 60px 0px;}.elementor-bc-flex-widget .elementor-15956 .elementor-element.elementor-element-db164ef.elementor-column .elementor-widget-wrap{align-items:center;}.elementor-15956 .elementor-element.elementor-element-db164ef.elementor-column.elementor-element[data-element_type=\"column\"] > .elementor-widget-wrap.elementor-element-populated{align-content:center;align-items:center;}.elementor-15956 .elementor-element.elementor-element-aed4d90 > .elementor-widget-container{margin:0px 0px 30px 0px;}.elementor-15956 .elementor-element.elementor-element-504f5d9 > .elementor-widget-container{margin:0px 0px 10px 0px;}.elementor-15956 .elementor-element.elementor-element-10dc466 .return-to-shop .button{padding:18px 40px 18px 40px;}.elementor-15956 .elementor-element.elementor-element-10dc466 .return-to-shop{text-align:left;}.elementor-15956 .elementor-element.elementor-element-10dc466 > .elementor-widget-container{margin:0px 0px 10px 0px;}.elementor-15956 .elementor-element.elementor-element-10dc466{width:auto;max-width:auto;}}<\/style>\t\t<div data-elementor-type=\"jet-woo-builder-cart\" data-elementor-id=\"15956\" class=\"elementor elementor-15956 elementor-4548\" data-elementor-post-type=\"jet-woo-builder\">\n\t\t\t\t\t\t<section class=\"elementor-section elementor-top-section elementor-element elementor-element-a1c50e9 elementor-section-stretched elementor-section-boxed elementor-section-height-default elementor-section-height-default\" data-id=\"a1c50e9\" data-element_type=\"section\" data-e-type=\"section\" data-settings=\"{&quot;stretch_section&quot;:&quot;section-stretched&quot;}\">\n\t\t\t\t\t\t<div class=\"elementor-container elementor-column-gap-no\">\n\t\t\t\t\t<div class=\"elementor-column elementor-col-100 elementor-top-column elementor-element elementor-element-db164ef\" data-id=\"db164ef\" data-element_type=\"column\" data-e-type=\"column\">\n\t\t\t<div class=\"elementor-widget-wrap elementor-element-populated\">\n\t\t\t\t\t\t<div class=\"elementor-element elementor-element-aed4d90 elementor-widget elementor-widget-heading\" data-id=\"aed4d90\" data-element_type=\"widget\" data-e-type=\"widget\" data-widget_type=\"heading.default\">\n\t\t\t\t<div class=\"elementor-widget-container\">\n\t\t\t\t\t<div class=\"elementor-heading-title elementor-size-default\">Shopping Cart<\/div>\t\t\t\t<\/div>\n\t\t\t\t<\/div>\n\t\t\t\t<div class=\"elementor-element elementor-element-504f5d9 elementor-widget__width-auto elementor-widget elementor-widget-jet-cart-empty-message\" data-id=\"504f5d9\" data-element_type=\"widget\" data-e-type=\"widget\" data-widget_type=\"jet-cart-empty-message.default\">\n\t\t\t\t<div class=\"elementor-widget-container\">\n\t\t\t\t\t<div class=\"elementor-jet-cart-empty-message jet-woo-builder\"><div class=\"woocommerce-notices-wrapper\"><\/div><div class=\"wc-empty-cart-message\">\n\t<div class=\"cart-empty woocommerce-info\" role=\"status\">\n\t\tYour cart is currently empty.\t<\/div>\n<\/div><\/div>\t\t\t\t<\/div>\n\t\t\t\t<\/div>\n\t\t\t\t<div class=\"elementor-element elementor-element-10dc466 elementor-widget__width-auto elementor-widget-mobile__width-auto elementor-widget elementor-widget-jet-cart-return-to-shop\" data-id=\"10dc466\" data-element_type=\"widget\" data-e-type=\"widget\" data-widget_type=\"jet-cart-return-to-shop.default\">\n\t\t\t\t<div class=\"elementor-widget-container\">\n\t\t\t\t\t<div class=\"elementor-jet-cart-return-to-shop jet-woo-builder\">\n<p class=\"return-to-shop\">\n\t<a\n\t\tclass=\"button wc-backward\"\n\t\thref=\"https:\/\/karinejoncasusa.com\/en\/dermo-routines\/\"\n\t\t\t>\n\t\tReturn to shop\t<\/a>\n<\/p>\n<\/div>\t\t\t\t<\/div>\n\t\t\t\t<\/div>\n\t\t\t\t\t<\/div>\n\t\t<\/div>\n\t\t\t\t\t<\/div>\n\t\t<\/section>\n\t\t\t\t<\/div>\n\t\t<\/div>\n<\/div>\t\t\t\t<\/div>\n\t\t\t\t<\/div>\n\t\t\t\t\t<\/div>\n\t\t<\/div>\n\t\t\t\t\t<\/div>\n\t\t<\/section>\n\t\t\t\t<\/div>\n\t\t","protected":false},"excerpt":{"rendered":"<p>Supprimer l\u2019\u00e9l\u00e9ment Miniature Produit Prix Quantit\u00e9 Sous-total &#128465; BAIN DE MER JEUNESSE ORIGINELLE Format: 100mL 7,99&nbsp;&#36; quantit\u00e9 de BAIN DE MER JEUNESSE ORIGINELLE&nbsp;Format: 100mL 7,99&nbsp;&#36; Update cart Apply promo code Cart total Sous-total 7,99&nbsp;&#36; Livraison Forfait: 8,00&nbsp;&#36; Livraison \u00e0 Modifier l\u2019adresse Pays\/r\u00e9gion\u00a0: S\u00e9lectionnez un pays \/ une r\u00e9gionCanada \u00c9tat \/ Comt\u00e9 S\u00e9lectionner une option\u2026AlbertaColombie-BritanniqueManitobaNouveau-BrunswickTerre-Neuve-et-LabradorTerritoires du [&hellip;]<\/p>\n","protected":false},"author":1,"featured_media":0,"parent":0,"menu_order":0,"comment_status":"closed","ping_status":"closed","template":"","meta":{"_acf_changed":false,"footnotes":""},"class_list":["post-22","page","type-page","status-publish","hentry"],"acf":[],"yoast_head":"<!-- This site is optimized with the Yoast SEO Premium plugin v26.2 (Yoast SEO v27.4) - https:\/\/yoast.com\/product\/yoast-seo-premium-wordpress\/ -->\n<title>Karine Joncas | M\u00e9di-Cosm\u00e9tiques<\/title>\n<meta name=\"description\" content=\"Les vrais leaders des soins anti-\u00e2ge et multifonctions. Des produits haute performance de type professionnel \u00e0 domicile pour le mode de vie actif.\" \/>\n<meta name=\"robots\" content=\"index, follow, max-snippet:-1, max-image-preview:large, max-video-preview:-1\" \/>\n<link rel=\"canonical\" href=\"https:\/\/karinejoncasusa.com\/en\/cart\/\" \/>\n<meta property=\"og:locale\" content=\"en_US\" \/>\n<meta property=\"og:type\" content=\"article\" \/>\n<meta property=\"og:title\" content=\"Shopping Cart\" \/>\n<meta property=\"og:description\" content=\"Les vrais leaders des soins anti-\u00e2ge et multifonctions. Des produits haute performance de type professionnel \u00e0 domicile pour le mode de vie actif.\" \/>\n<meta property=\"og:url\" content=\"https:\/\/karinejoncasusa.com\/en\/cart\/\" \/>\n<meta property=\"og:site_name\" content=\"Karine Joncas Medi-Cosmetics\" \/>\n<meta property=\"article:publisher\" content=\"https:\/\/www.facebook.com\/KarineJoncasCanada\" \/>\n<meta property=\"article:modified_time\" content=\"2025-01-06T22:31:05+00:00\" \/>\n<meta property=\"og:image\" content=\"https:\/\/karinejoncas.ca\/wp-content\/uploads\/2021\/12\/SeaBath_YouthEssence_100mL-300x300.jpg\" \/>\n<meta name=\"twitter:card\" content=\"summary_large_image\" \/>\n<meta name=\"twitter:label1\" content=\"Est. reading time\" \/>\n\t<meta name=\"twitter:data1\" content=\"1 minute\" \/>\n<script type=\"application\/ld+json\" class=\"yoast-schema-graph\">{\"@context\":\"https:\\\/\\\/schema.org\",\"@graph\":[{\"@type\":\"WebPage\",\"@id\":\"https:\\\/\\\/karinejoncasusa.com\\\/en\\\/cart\\\/\",\"url\":\"https:\\\/\\\/karinejoncasusa.com\\\/en\\\/cart\\\/\",\"name\":\"Karine Joncas | M\u00e9di-Cosm\u00e9tiques\",\"isPartOf\":{\"@id\":\"https:\\\/\\\/karinejoncasusa.com\\\/en\\\/#website\"},\"primaryImageOfPage\":{\"@id\":\"https:\\\/\\\/karinejoncasusa.com\\\/en\\\/cart\\\/#primaryimage\"},\"image\":{\"@id\":\"https:\\\/\\\/karinejoncasusa.com\\\/en\\\/cart\\\/#primaryimage\"},\"thumbnailUrl\":\"https:\\\/\\\/karinejoncas.ca\\\/wp-content\\\/uploads\\\/2021\\\/12\\\/SeaBath_YouthEssence_100mL-300x300.jpg\",\"datePublished\":\"2021-04-25T00:42:32+00:00\",\"dateModified\":\"2025-01-06T22:31:05+00:00\",\"description\":\"Les vrais leaders des soins anti-\u00e2ge et multifonctions. Des produits haute performance de type professionnel \u00e0 domicile pour le mode de vie actif.\",\"breadcrumb\":{\"@id\":\"https:\\\/\\\/karinejoncasusa.com\\\/en\\\/cart\\\/#breadcrumb\"},\"inLanguage\":\"en-US\",\"potentialAction\":[{\"@type\":\"ReadAction\",\"target\":[\"https:\\\/\\\/karinejoncasusa.com\\\/en\\\/cart\\\/\"]}]},{\"@type\":\"ImageObject\",\"inLanguage\":\"en-US\",\"@id\":\"https:\\\/\\\/karinejoncasusa.com\\\/en\\\/cart\\\/#primaryimage\",\"url\":\"https:\\\/\\\/karinejoncas.ca\\\/wp-content\\\/uploads\\\/2021\\\/12\\\/SeaBath_YouthEssence_100mL-300x300.jpg\",\"contentUrl\":\"https:\\\/\\\/karinejoncas.ca\\\/wp-content\\\/uploads\\\/2021\\\/12\\\/SeaBath_YouthEssence_100mL-300x300.jpg\"},{\"@type\":\"BreadcrumbList\",\"@id\":\"https:\\\/\\\/karinejoncasusa.com\\\/en\\\/cart\\\/#breadcrumb\",\"itemListElement\":[{\"@type\":\"ListItem\",\"position\":1,\"name\":\"Accueil\",\"item\":\"https:\\\/\\\/karinejoncasusa.com\\\/en\\\/\"},{\"@type\":\"ListItem\",\"position\":2,\"name\":\"Shopping Cart\"}]},{\"@type\":\"WebSite\",\"@id\":\"https:\\\/\\\/karinejoncasusa.com\\\/en\\\/#website\",\"url\":\"https:\\\/\\\/karinejoncasusa.com\\\/en\\\/\",\"name\":\"Karine Joncas\",\"description\":\"Medi-Cosmetics\",\"publisher\":{\"@id\":\"https:\\\/\\\/karinejoncasusa.com\\\/en\\\/#organization\"},\"alternateName\":\"Karine Joncas\",\"potentialAction\":[{\"@type\":\"SearchAction\",\"target\":{\"@type\":\"EntryPoint\",\"urlTemplate\":\"https:\\\/\\\/karinejoncasusa.com\\\/en\\\/?s={search_term_string}\"},\"query-input\":{\"@type\":\"PropertyValueSpecification\",\"valueRequired\":true,\"valueName\":\"search_term_string\"}}],\"inLanguage\":\"en-US\"},{\"@type\":\"Organization\",\"@id\":\"https:\\\/\\\/karinejoncasusa.com\\\/en\\\/#organization\",\"name\":\"Karine Joncas\",\"alternateName\":\"Karine Joncas | M\u00e9di-Cosm\u00e9tiques\",\"url\":\"https:\\\/\\\/karinejoncasusa.com\\\/en\\\/\",\"logo\":{\"@type\":\"ImageObject\",\"inLanguage\":\"en-US\",\"@id\":\"https:\\\/\\\/karinejoncasusa.com\\\/en\\\/#\\\/schema\\\/logo\\\/image\\\/\",\"url\":\"https:\\\/\\\/karinejoncas.ca\\\/wp-content\\\/uploads\\\/2023\\\/02\\\/logo_KarineJoncas_Rectangle.png\",\"contentUrl\":\"https:\\\/\\\/karinejoncas.ca\\\/wp-content\\\/uploads\\\/2023\\\/02\\\/logo_KarineJoncas_Rectangle.png\",\"width\":2700,\"height\":307,\"caption\":\"Karine Joncas\"},\"image\":{\"@id\":\"https:\\\/\\\/karinejoncasusa.com\\\/en\\\/#\\\/schema\\\/logo\\\/image\\\/\"},\"sameAs\":[\"https:\\\/\\\/www.facebook.com\\\/KarineJoncasCanada\"]}]}<\/script>\n<!-- \/ Yoast SEO Premium plugin. -->","yoast_head_json":{"title":"Karine Joncas | M\u00e9di-Cosm\u00e9tiques","description":"Les vrais leaders des soins anti-\u00e2ge et multifonctions. Des produits haute performance de type professionnel \u00e0 domicile pour le mode de vie actif.","robots":{"index":"index","follow":"follow","max-snippet":"max-snippet:-1","max-image-preview":"max-image-preview:large","max-video-preview":"max-video-preview:-1"},"canonical":"https:\/\/karinejoncasusa.com\/en\/cart\/","og_locale":"en_US","og_type":"article","og_title":"Shopping Cart","og_description":"Les vrais leaders des soins anti-\u00e2ge et multifonctions. Des produits haute performance de type professionnel \u00e0 domicile pour le mode de vie actif.","og_url":"https:\/\/karinejoncasusa.com\/en\/cart\/","og_site_name":"Karine Joncas Medi-Cosmetics","article_publisher":"https:\/\/www.facebook.com\/KarineJoncasCanada","article_modified_time":"2025-01-06T22:31:05+00:00","og_image":[{"url":"https:\/\/karinejoncas.ca\/wp-content\/uploads\/2021\/12\/SeaBath_YouthEssence_100mL-300x300.jpg","type":"","width":"","height":""}],"twitter_card":"summary_large_image","twitter_misc":{"Est. reading time":"1 minute"},"schema":{"@context":"https:\/\/schema.org","@graph":[{"@type":"WebPage","@id":"https:\/\/karinejoncasusa.com\/en\/cart\/","url":"https:\/\/karinejoncasusa.com\/en\/cart\/","name":"Karine Joncas | M\u00e9di-Cosm\u00e9tiques","isPartOf":{"@id":"https:\/\/karinejoncasusa.com\/en\/#website"},"primaryImageOfPage":{"@id":"https:\/\/karinejoncasusa.com\/en\/cart\/#primaryimage"},"image":{"@id":"https:\/\/karinejoncasusa.com\/en\/cart\/#primaryimage"},"thumbnailUrl":"https:\/\/karinejoncas.ca\/wp-content\/uploads\/2021\/12\/SeaBath_YouthEssence_100mL-300x300.jpg","datePublished":"2021-04-25T00:42:32+00:00","dateModified":"2025-01-06T22:31:05+00:00","description":"Les vrais leaders des soins anti-\u00e2ge et multifonctions. Des produits haute performance de type professionnel \u00e0 domicile pour le mode de vie actif.","breadcrumb":{"@id":"https:\/\/karinejoncasusa.com\/en\/cart\/#breadcrumb"},"inLanguage":"en-US","potentialAction":[{"@type":"ReadAction","target":["https:\/\/karinejoncasusa.com\/en\/cart\/"]}]},{"@type":"ImageObject","inLanguage":"en-US","@id":"https:\/\/karinejoncasusa.com\/en\/cart\/#primaryimage","url":"https:\/\/karinejoncas.ca\/wp-content\/uploads\/2021\/12\/SeaBath_YouthEssence_100mL-300x300.jpg","contentUrl":"https:\/\/karinejoncas.ca\/wp-content\/uploads\/2021\/12\/SeaBath_YouthEssence_100mL-300x300.jpg"},{"@type":"BreadcrumbList","@id":"https:\/\/karinejoncasusa.com\/en\/cart\/#breadcrumb","itemListElement":[{"@type":"ListItem","position":1,"name":"Accueil","item":"https:\/\/karinejoncasusa.com\/en\/"},{"@type":"ListItem","position":2,"name":"Shopping Cart"}]},{"@type":"WebSite","@id":"https:\/\/karinejoncasusa.com\/en\/#website","url":"https:\/\/karinejoncasusa.com\/en\/","name":"Karine Joncas","description":"Medi-Cosmetics","publisher":{"@id":"https:\/\/karinejoncasusa.com\/en\/#organization"},"alternateName":"Karine Joncas","potentialAction":[{"@type":"SearchAction","target":{"@type":"EntryPoint","urlTemplate":"https:\/\/karinejoncasusa.com\/en\/?s={search_term_string}"},"query-input":{"@type":"PropertyValueSpecification","valueRequired":true,"valueName":"search_term_string"}}],"inLanguage":"en-US"},{"@type":"Organization","@id":"https:\/\/karinejoncasusa.com\/en\/#organization","name":"Karine Joncas","alternateName":"Karine Joncas | M\u00e9di-Cosm\u00e9tiques","url":"https:\/\/karinejoncasusa.com\/en\/","logo":{"@type":"ImageObject","inLanguage":"en-US","@id":"https:\/\/karinejoncasusa.com\/en\/#\/schema\/logo\/image\/","url":"https:\/\/karinejoncas.ca\/wp-content\/uploads\/2023\/02\/logo_KarineJoncas_Rectangle.png","contentUrl":"https:\/\/karinejoncas.ca\/wp-content\/uploads\/2023\/02\/logo_KarineJoncas_Rectangle.png","width":2700,"height":307,"caption":"Karine Joncas"},"image":{"@id":"https:\/\/karinejoncasusa.com\/en\/#\/schema\/logo\/image\/"},"sameAs":["https:\/\/www.facebook.com\/KarineJoncasCanada"]}]}},"_links":{"self":[{"href":"https:\/\/karinejoncasusa.com\/en\/wp-json\/wp\/v2\/pages\/22","targetHints":{"allow":["GET"]}}],"collection":[{"href":"https:\/\/karinejoncasusa.com\/en\/wp-json\/wp\/v2\/pages"}],"about":[{"href":"https:\/\/karinejoncasusa.com\/en\/wp-json\/wp\/v2\/types\/page"}],"author":[{"embeddable":true,"href":"https:\/\/karinejoncasusa.com\/en\/wp-json\/wp\/v2\/users\/1"}],"replies":[{"embeddable":true,"href":"https:\/\/karinejoncasusa.com\/en\/wp-json\/wp\/v2\/comments?post=22"}],"version-history":[{"count":0,"href":"https:\/\/karinejoncasusa.com\/en\/wp-json\/wp\/v2\/pages\/22\/revisions"}],"wp:attachment":[{"href":"https:\/\/karinejoncasusa.com\/en\/wp-json\/wp\/v2\/media?parent=22"}],"curies":[{"name":"wp","href":"https:\/\/api.w.org\/{rel}","templated":true}]}}