{"id":24,"date":"2021-04-24T20:42:32","date_gmt":"2021-04-25T00:42:32","guid":{"rendered":"https:\/\/staging.karinejoncas.ca\/my-account\/"},"modified":"2022-09-23T11:10:44","modified_gmt":"2022-09-23T15:10:44","slug":"my-account","status":"publish","type":"page","link":"https:\/\/karinejoncasusa.com\/en\/my-account\/","title":{"rendered":"My Account"},"content":{"rendered":"<div class=\"woocommerce\">\n<div class=\"jet-woo-builder-woocommerce-myaccount-login-page\">\n\n\t<div class=\"woocommerce-notices-wrapper\"><\/div>\n\t<div id=\"customer_login\">\n\t\t\t\t<div data-elementor-type=\"jet-woo-builder-myaccount\" data-elementor-id=\"17132\" class=\"elementor elementor-17132 elementor-5546\" data-elementor-post-type=\"jet-woo-builder\">\n\t\t\t\t\t\t<section class=\"elementor-section elementor-top-section elementor-element elementor-element-4483095 elementor-section-boxed elementor-section-height-default elementor-section-height-default\" data-id=\"4483095\" data-element_type=\"section\" data-e-type=\"section\">\n\t\t\t\t\t\t<div class=\"elementor-container elementor-column-gap-default\">\n\t\t\t\t\t<div class=\"elementor-column elementor-col-100 elementor-top-column elementor-element elementor-element-e541dfa\" data-id=\"e541dfa\" data-element_type=\"column\" data-e-type=\"column\">\n\t\t\t<div class=\"elementor-widget-wrap elementor-element-populated\">\n\t\t\t\t\t\t<div class=\"elementor-element elementor-element-658df25 elementor-widget elementor-widget-heading\" data-id=\"658df25\" data-element_type=\"widget\" data-e-type=\"widget\" data-widget_type=\"heading.default\">\n\t\t\t\t<div class=\"elementor-widget-container\">\n\t\t\t\t\t<h1 class=\"elementor-heading-title elementor-size-default\">Login \/ Create an account<\/h1>\t\t\t\t<\/div>\n\t\t\t\t<\/div>\n\t\t\t\t\t<\/div>\n\t\t<\/div>\n\t\t\t\t\t<\/div>\n\t\t<\/section>\n\t\t\t\t<section class=\"elementor-section elementor-top-section elementor-element elementor-element-f1016e8 elementor-section-boxed elementor-section-height-default elementor-section-height-default\" data-id=\"f1016e8\" data-element_type=\"section\" data-e-type=\"section\">\n\t\t\t\t\t\t<div class=\"elementor-container elementor-column-gap-default\">\n\t\t\t\t\t<div class=\"elementor-column elementor-col-100 elementor-top-column elementor-element elementor-element-19f60dc\" data-id=\"19f60dc\" data-element_type=\"column\" data-e-type=\"column\">\n\t\t\t<div class=\"elementor-widget-wrap elementor-element-populated\">\n\t\t\t\t\t\t<div class=\"elementor-element elementor-element-4d2d776 elementor-widget elementor-widget-jet-switcher\" data-id=\"4d2d776\" data-element_type=\"widget\" data-e-type=\"widget\" data-widget_type=\"jet-switcher.default\">\n\t\t\t\t<div class=\"elementor-widget-container\">\n\t\t\t\t\t<div class=\"jet-switcher jet-switcher--preset-2 jet-switcher-move-up-effect jet-switcher--disable\" data-settings=\"{&quot;effect&quot;:&quot;move-up&quot;}\">\n\t\t\t<div class=\"jet-switcher__control-wrapper\"><div class=\"jet-switcher__control jet-switcher__control--disable\" role=\"button\" tabindex=\"0\" aria-controls=\"jet-switcher-content-disable-4d2d776\" aria-expanded=\"true\">\n\t<div class=\"jet-switcher__label-text\">Identification<\/div><\/div>\n<div class=\"jet-switcher__control-instance\">\n\t<div class=\"jet-switcher__control-handler\"><span><\/span><\/div>\n<\/div>\n<div class=\"jet-switcher__control jet-switcher__control--enable\" role=\"button\" tabindex=\"0\" aria-controls=\"jet-switcher-content-enable-4d2d776\" aria-expanded=\"false\">\n\t<div class=\"jet-switcher__label-text\">Create an account<\/div><\/div>\n\n<\/div>\n\t\t\t<div class=\"jet-switcher__content-wrapper\"><div id=\"jet-switcher-content-disable-4d2d776\" class=\"jet-switcher__content jet-switcher__content--disable active-content\" aria-hidden=\"false\">\t\t<div data-elementor-type=\"section\" data-elementor-id=\"6518\" class=\"elementor elementor-6518\" data-elementor-post-type=\"elementor_library\">\n\t\t\t\t\t<section class=\"elementor-section elementor-top-section elementor-element elementor-element-19969b4 elementor-section-boxed elementor-section-height-default elementor-section-height-default\" data-id=\"19969b4\" data-element_type=\"section\" data-e-type=\"section\">\n\t\t\t\t\t\t<div class=\"elementor-container elementor-column-gap-no\">\n\t\t\t\t\t<div class=\"elementor-column elementor-col-100 elementor-top-column elementor-element elementor-element-df959eb\" data-id=\"df959eb\" data-element_type=\"column\" data-e-type=\"column\">\n\t\t\t<div class=\"elementor-widget-wrap elementor-element-populated\">\n\t\t\t\t\t\t<div class=\"elementor-element elementor-element-0380c2f elementor-widget elementor-widget-jet-myaccount-login-form\" data-id=\"0380c2f\" data-element_type=\"widget\" data-e-type=\"widget\" data-widget_type=\"jet-myaccount-login-form.default\">\n\t\t\t\t<div class=\"elementor-widget-container\">\n\t\t\t\t\t<div class=\"elementor-jet-myaccount-login-form jet-woo-builder\">\n<h2>Login<\/h2>\n\n<form class=\"woocommerce-form woocommerce-form-login login\" method=\"post\" novalidate>\n\n\t\n\t<p class=\"woocommerce-form-row woocommerce-form-row--wide form-row form-row-wide\">\n\t\t<label for=\"username\">Username or email address&nbsp;<span class=\"required\">*<\/span><\/label>\n\t\t<input type=\"text\" class=\"woocommerce-Input woocommerce-Input--text input-text\" name=\"username\" id=\"username\" autocomplete=\"username\" value=\"\" \/>\t<\/p>\n\t<p class=\"woocommerce-form-row woocommerce-form-row--wide form-row form-row-wide\">\n\t\t<label for=\"password\">Password&nbsp;<span class=\"required\">*<\/span><\/label>\n\t\t<input class=\"woocommerce-Input woocommerce-Input--text input-text\" type=\"password\" name=\"password\" id=\"password\" autocomplete=\"current-password\" \/>\n\t<\/p>\n\n\t\n\t<p class=\"form-row\">\n\t\t<label class=\"woocommerce-form__label woocommerce-form__label-for-checkbox woocommerce-form-login__rememberme\">\n\t\t\t<input class=\"woocommerce-form__input woocommerce-form__input-checkbox\" name=\"rememberme\" type=\"checkbox\" id=\"rememberme\" value=\"forever\" \/> <span>Remember me<\/span>\n\t\t<\/label>\n\t\t<input type=\"hidden\" id=\"woocommerce-login-nonce\" name=\"woocommerce-login-nonce\" value=\"ba5bc0ed21\" \/><input type=\"hidden\" name=\"_wp_http_referer\" value=\"\/en\/wp-json\/wp\/v2\/pages\/24\" \/>\t\t<button type=\"submit\" class=\"woocommerce-button button woocommerce-form-login__submit \" name=\"login\" value=\"Log in\">Log in<\/button>\n\t<\/p>\n\t<p class=\"woocommerce-LostPassword lost_password\">\n\t\t<a href=\"https:\/\/karinejoncasusa.com\/en\/my-account\/lost-password\/\">Lost your password?<\/a>\n\t<\/p>\n\n\t\n<\/form><\/div>\t\t\t\t<\/div>\n\t\t\t\t<\/div>\n\t\t\t\t\t<\/div>\n\t\t<\/div>\n\t\t\t\t\t<\/div>\n\t\t<\/section>\n\t\t\t\t<\/div>\n\t\t<\/div><div id=\"jet-switcher-content-enable-4d2d776\" class=\"jet-switcher__content jet-switcher__content--enable \" aria-hidden=\"true\">\t\t<div data-elementor-type=\"section\" data-elementor-id=\"6521\" class=\"elementor elementor-6521\" data-elementor-post-type=\"elementor_library\">\n\t\t\t\t\t<section class=\"elementor-section elementor-top-section elementor-element elementor-element-a6576f9 elementor-section-boxed elementor-section-height-default elementor-section-height-default\" data-id=\"a6576f9\" data-element_type=\"section\" data-e-type=\"section\">\n\t\t\t\t\t\t<div class=\"elementor-container elementor-column-gap-no\">\n\t\t\t\t\t<div class=\"elementor-column elementor-col-100 elementor-top-column elementor-element elementor-element-c2689e4\" data-id=\"c2689e4\" data-element_type=\"column\" data-e-type=\"column\">\n\t\t\t<div class=\"elementor-widget-wrap elementor-element-populated\">\n\t\t\t\t\t\t<div class=\"elementor-element elementor-element-9c7776c elementor-widget elementor-widget-jet-myaccount-registration-form\" data-id=\"9c7776c\" data-element_type=\"widget\" data-e-type=\"widget\" data-widget_type=\"jet-myaccount-registration-form.default\">\n\t\t\t\t<div class=\"elementor-widget-container\">\n\t\t\t\t\t<div class=\"elementor-jet-myaccount-registration-form jet-woo-builder\">\n<h2>Register<\/h2>\n\n<form method=\"post\" class=\"woocommerce-form woocommerce-form-register register\"  >\n\n\t\n\t\n\t<p class=\"woocommerce-form-row woocommerce-form-row--wide form-row form-row-wide\">\n\t\t<label for=\"reg_email\">Email address&nbsp;<span class=\"required\">*<\/span><\/label>\n\t\t<input type=\"email\" class=\"woocommerce-Input woocommerce-Input--text input-text\" name=\"email\" id=\"reg_email\" autocomplete=\"email\" value=\"\" \/>\t<\/p>\n\n\t\n\t\t<p class=\"woocommerce-form-row woocommerce-form-row--wide form-row form-row-wide\">\n\t\t\t<label for=\"reg_password\">Password&nbsp;<span class=\"required\">*<\/span><\/label>\n\t\t\t<input type=\"password\" class=\"woocommerce-Input woocommerce-Input--text input-text\" name=\"password\" id=\"reg_password\" autocomplete=\"new-password\" \/>\n\t\t<\/p>\n\n\t\n\t<wc-order-attribution-inputs><\/wc-order-attribution-inputs><div class=\"woocommerce-privacy-policy-text\"><p>Your personal data will be used to accompany you during your visit to the website, manage access to your account, and for other reasons described in our <a href=\"\" class=\"woocommerce-privacy-policy-link\" target=\"_blank\">privacy policy<\/a>.<\/p>\n<\/div>\n\t<p class=\"woocommerce-form-row form-row\">\n\t\t<input type=\"hidden\" id=\"woocommerce-register-nonce\" name=\"woocommerce-register-nonce\" value=\"4a5679c051\" \/><input type=\"hidden\" name=\"_wp_http_referer\" value=\"\/en\/wp-json\/wp\/v2\/pages\/24\" \/>\t\t<button type=\"submit\" class=\"woocommerce-Button woocommerce-button button woocommerce-form-register__submit \" name=\"register\" value=\"Register\">Register<\/button>\n\t<\/p>\n\n\t\n<\/form><\/div>\t\t\t\t<\/div>\n\t\t\t\t<\/div>\n\t\t\t\t\t<\/div>\n\t\t<\/div>\n\t\t\t\t\t<\/div>\n\t\t<\/section>\n\t\t\t\t<\/div>\n\t\t<\/div><\/div>\n\t\t<\/div>\n\t\t\t\t\t\t<\/div>\n\t\t\t\t<\/div>\n\t\t\t\t\t<\/div>\n\t\t<\/div>\n\t\t\t\t\t<\/div>\n\t\t<\/section>\n\t\t\t\t<\/div>\n\t\t\t<\/div>\n\n\t\n<\/div>\n\n<\/div>\n","protected":false},"excerpt":{"rendered":"","protected":false},"author":1,"featured_media":0,"parent":0,"menu_order":0,"comment_status":"closed","ping_status":"closed","template":"","meta":{"_acf_changed":false,"footnotes":""},"class_list":["post-24","page","type-page","status-publish","hentry"],"acf":[],"yoast_head":"<!-- This site is optimized with the Yoast SEO Premium plugin v26.2 (Yoast SEO v27.4) - https:\/\/yoast.com\/product\/yoast-seo-premium-wordpress\/ -->\n<title>Karine Joncas | M\u00e9di-Cosm\u00e9tiques<\/title>\n<meta name=\"description\" content=\"Les vrais leaders des soins anti-\u00e2ge et multifonctions. Des produits haute performance de type professionnel \u00e0 domicile pour le mode de vie actif.\" \/>\n<meta name=\"robots\" content=\"index, follow, max-snippet:-1, max-image-preview:large, max-video-preview:-1\" \/>\n<link rel=\"canonical\" href=\"https:\/\/karinejoncasusa.com\/en\/my-account\/\" \/>\n<meta property=\"og:locale\" content=\"en_US\" \/>\n<meta property=\"og:type\" content=\"article\" \/>\n<meta property=\"og:title\" content=\"My Account\" \/>\n<meta property=\"og:description\" content=\"Les vrais leaders des soins anti-\u00e2ge et multifonctions. Des produits haute performance de type professionnel \u00e0 domicile pour le mode de vie actif.\" \/>\n<meta property=\"og:url\" content=\"https:\/\/karinejoncasusa.com\/en\/my-account\/\" \/>\n<meta property=\"og:site_name\" content=\"Karine Joncas Medi-Cosmetics\" \/>\n<meta property=\"article:publisher\" content=\"https:\/\/www.facebook.com\/KarineJoncasCanada\" \/>\n<meta property=\"article:modified_time\" content=\"2022-09-23T15:10:44+00:00\" \/>\n<meta name=\"twitter:card\" content=\"summary_large_image\" \/>\n<script type=\"application\/ld+json\" class=\"yoast-schema-graph\">{\"@context\":\"https:\\\/\\\/schema.org\",\"@graph\":[{\"@type\":\"WebPage\",\"@id\":\"https:\\\/\\\/karinejoncasusa.com\\\/en\\\/my-account\\\/\",\"url\":\"https:\\\/\\\/karinejoncasusa.com\\\/en\\\/my-account\\\/\",\"name\":\"Karine Joncas | M\u00e9di-Cosm\u00e9tiques\",\"isPartOf\":{\"@id\":\"https:\\\/\\\/karinejoncasusa.com\\\/en\\\/#website\"},\"datePublished\":\"2021-04-25T00:42:32+00:00\",\"dateModified\":\"2022-09-23T15:10:44+00:00\",\"description\":\"Les vrais leaders des soins anti-\u00e2ge et multifonctions. Des produits haute performance de type professionnel \u00e0 domicile pour le mode de vie actif.\",\"breadcrumb\":{\"@id\":\"https:\\\/\\\/karinejoncasusa.com\\\/en\\\/my-account\\\/#breadcrumb\"},\"inLanguage\":\"en-US\",\"potentialAction\":[{\"@type\":\"ReadAction\",\"target\":[\"https:\\\/\\\/karinejoncasusa.com\\\/en\\\/my-account\\\/\"]}]},{\"@type\":\"BreadcrumbList\",\"@id\":\"https:\\\/\\\/karinejoncasusa.com\\\/en\\\/my-account\\\/#breadcrumb\",\"itemListElement\":[{\"@type\":\"ListItem\",\"position\":1,\"name\":\"Accueil\",\"item\":\"https:\\\/\\\/karinejoncasusa.com\\\/en\\\/\"},{\"@type\":\"ListItem\",\"position\":2,\"name\":\"My Account\"}]},{\"@type\":\"WebSite\",\"@id\":\"https:\\\/\\\/karinejoncasusa.com\\\/en\\\/#website\",\"url\":\"https:\\\/\\\/karinejoncasusa.com\\\/en\\\/\",\"name\":\"Karine Joncas\",\"description\":\"Medi-Cosmetics\",\"publisher\":{\"@id\":\"https:\\\/\\\/karinejoncasusa.com\\\/en\\\/#organization\"},\"alternateName\":\"Karine Joncas\",\"potentialAction\":[{\"@type\":\"SearchAction\",\"target\":{\"@type\":\"EntryPoint\",\"urlTemplate\":\"https:\\\/\\\/karinejoncasusa.com\\\/en\\\/?s={search_term_string}\"},\"query-input\":{\"@type\":\"PropertyValueSpecification\",\"valueRequired\":true,\"valueName\":\"search_term_string\"}}],\"inLanguage\":\"en-US\"},{\"@type\":\"Organization\",\"@id\":\"https:\\\/\\\/karinejoncasusa.com\\\/en\\\/#organization\",\"name\":\"Karine Joncas\",\"alternateName\":\"Karine Joncas | M\u00e9di-Cosm\u00e9tiques\",\"url\":\"https:\\\/\\\/karinejoncasusa.com\\\/en\\\/\",\"logo\":{\"@type\":\"ImageObject\",\"inLanguage\":\"en-US\",\"@id\":\"https:\\\/\\\/karinejoncasusa.com\\\/en\\\/#\\\/schema\\\/logo\\\/image\\\/\",\"url\":\"https:\\\/\\\/karinejoncas.ca\\\/wp-content\\\/uploads\\\/2023\\\/02\\\/logo_KarineJoncas_Rectangle.png\",\"contentUrl\":\"https:\\\/\\\/karinejoncas.ca\\\/wp-content\\\/uploads\\\/2023\\\/02\\\/logo_KarineJoncas_Rectangle.png\",\"width\":2700,\"height\":307,\"caption\":\"Karine Joncas\"},\"image\":{\"@id\":\"https:\\\/\\\/karinejoncasusa.com\\\/en\\\/#\\\/schema\\\/logo\\\/image\\\/\"},\"sameAs\":[\"https:\\\/\\\/www.facebook.com\\\/KarineJoncasCanada\"]}]}<\/script>\n<!-- \/ Yoast SEO Premium plugin. -->","yoast_head_json":{"title":"Karine Joncas | M\u00e9di-Cosm\u00e9tiques","description":"Les vrais leaders des soins anti-\u00e2ge et multifonctions. Des produits haute performance de type professionnel \u00e0 domicile pour le mode de vie actif.","robots":{"index":"index","follow":"follow","max-snippet":"max-snippet:-1","max-image-preview":"max-image-preview:large","max-video-preview":"max-video-preview:-1"},"canonical":"https:\/\/karinejoncasusa.com\/en\/my-account\/","og_locale":"en_US","og_type":"article","og_title":"My Account","og_description":"Les vrais leaders des soins anti-\u00e2ge et multifonctions. Des produits haute performance de type professionnel \u00e0 domicile pour le mode de vie actif.","og_url":"https:\/\/karinejoncasusa.com\/en\/my-account\/","og_site_name":"Karine Joncas Medi-Cosmetics","article_publisher":"https:\/\/www.facebook.com\/KarineJoncasCanada","article_modified_time":"2022-09-23T15:10:44+00:00","twitter_card":"summary_large_image","schema":{"@context":"https:\/\/schema.org","@graph":[{"@type":"WebPage","@id":"https:\/\/karinejoncasusa.com\/en\/my-account\/","url":"https:\/\/karinejoncasusa.com\/en\/my-account\/","name":"Karine Joncas | M\u00e9di-Cosm\u00e9tiques","isPartOf":{"@id":"https:\/\/karinejoncasusa.com\/en\/#website"},"datePublished":"2021-04-25T00:42:32+00:00","dateModified":"2022-09-23T15:10:44+00:00","description":"Les vrais leaders des soins anti-\u00e2ge et multifonctions. Des produits haute performance de type professionnel \u00e0 domicile pour le mode de vie actif.","breadcrumb":{"@id":"https:\/\/karinejoncasusa.com\/en\/my-account\/#breadcrumb"},"inLanguage":"en-US","potentialAction":[{"@type":"ReadAction","target":["https:\/\/karinejoncasusa.com\/en\/my-account\/"]}]},{"@type":"BreadcrumbList","@id":"https:\/\/karinejoncasusa.com\/en\/my-account\/#breadcrumb","itemListElement":[{"@type":"ListItem","position":1,"name":"Accueil","item":"https:\/\/karinejoncasusa.com\/en\/"},{"@type":"ListItem","position":2,"name":"My Account"}]},{"@type":"WebSite","@id":"https:\/\/karinejoncasusa.com\/en\/#website","url":"https:\/\/karinejoncasusa.com\/en\/","name":"Karine Joncas","description":"Medi-Cosmetics","publisher":{"@id":"https:\/\/karinejoncasusa.com\/en\/#organization"},"alternateName":"Karine Joncas","potentialAction":[{"@type":"SearchAction","target":{"@type":"EntryPoint","urlTemplate":"https:\/\/karinejoncasusa.com\/en\/?s={search_term_string}"},"query-input":{"@type":"PropertyValueSpecification","valueRequired":true,"valueName":"search_term_string"}}],"inLanguage":"en-US"},{"@type":"Organization","@id":"https:\/\/karinejoncasusa.com\/en\/#organization","name":"Karine Joncas","alternateName":"Karine Joncas | M\u00e9di-Cosm\u00e9tiques","url":"https:\/\/karinejoncasusa.com\/en\/","logo":{"@type":"ImageObject","inLanguage":"en-US","@id":"https:\/\/karinejoncasusa.com\/en\/#\/schema\/logo\/image\/","url":"https:\/\/karinejoncas.ca\/wp-content\/uploads\/2023\/02\/logo_KarineJoncas_Rectangle.png","contentUrl":"https:\/\/karinejoncas.ca\/wp-content\/uploads\/2023\/02\/logo_KarineJoncas_Rectangle.png","width":2700,"height":307,"caption":"Karine Joncas"},"image":{"@id":"https:\/\/karinejoncasusa.com\/en\/#\/schema\/logo\/image\/"},"sameAs":["https:\/\/www.facebook.com\/KarineJoncasCanada"]}]}},"_links":{"self":[{"href":"https:\/\/karinejoncasusa.com\/en\/wp-json\/wp\/v2\/pages\/24","targetHints":{"allow":["GET"]}}],"collection":[{"href":"https:\/\/karinejoncasusa.com\/en\/wp-json\/wp\/v2\/pages"}],"about":[{"href":"https:\/\/karinejoncasusa.com\/en\/wp-json\/wp\/v2\/types\/page"}],"author":[{"embeddable":true,"href":"https:\/\/karinejoncasusa.com\/en\/wp-json\/wp\/v2\/users\/1"}],"replies":[{"embeddable":true,"href":"https:\/\/karinejoncasusa.com\/en\/wp-json\/wp\/v2\/comments?post=24"}],"version-history":[{"count":0,"href":"https:\/\/karinejoncasusa.com\/en\/wp-json\/wp\/v2\/pages\/24\/revisions"}],"wp:attachment":[{"href":"https:\/\/karinejoncasusa.com\/en\/wp-json\/wp\/v2\/media?parent=24"}],"curies":[{"name":"wp","href":"https:\/\/api.w.org\/{rel}","templated":true}]}}