{"id":50983,"date":"2022-08-05T16:17:35","date_gmt":"2022-08-05T20:17:35","guid":{"rendered":"https:\/\/staging.karinejoncas.ca\/contact-us\/"},"modified":"2026-01-22T09:03:58","modified_gmt":"2026-01-22T14:03:58","slug":"contact","status":"publish","type":"page","link":"https:\/\/karinejoncasusa.com\/en\/contact\/","title":{"rendered":"Contact us"},"content":{"rendered":"<p><picture><source srcset=\"https:\/\/karinejoncas.ca\/wp-content\/uploads\/2024\/11\/Banner_RV_Contact-Us_3840x800_ANG_v1.png\" media=\"(min-width: 1400px)\" \/><source srcset=\"https:\/\/karinejoncas.ca\/wp-content\/uploads\/2024\/11\/Banner_RV_Contact-us1920x500_ANG_v1.png\" media=\"(min-width: 1200px)\" \/><source srcset=\"https:\/\/karinejoncas.ca\/wp-content\/uploads\/2024\/11\/Banner_RV_Contact-us1920x500_ANG_v1.png\" media=\"(min-width: 600px)\" \/><source srcset=\"https:\/\/karinejoncas.ca\/wp-content\/uploads\/2024\/11\/Banner_RV_Contactez-nous_600x400_v1.png\" media=\"(min-width: 500px)\" \/><img decoding=\"async\" style=\"border: 1px solid; color: lightgrey;\" src=\"https:\/\/karinejoncas.ca\/wp-content\/uploads\/2024\/11\/Banner_RV_Contactez-nous_600x400_v1.png\" alt=\"KJIMAGES\" \/> <\/picture><\/p>\n<p>Whether by phone, email or via our social networks, our dedicated customer service team is committed to providing you with the most enjoyable experience with KARINE JONCAS.<\/p>\n<p>\u00a0<\/p>\n<p><strong>Karine Joncas Cosmetics Inc.<\/strong><\/p>\n<p>Laboratoires Karine Joncas<br \/>555 Chabanel Ouest, suite 1402<br \/>Montr\u00e9al, QC H2N 2H8<\/p>\n<p><strong>514-807-4009 or 1 866-268-4243<\/strong><\/p>\n<p><strong><br \/><\/strong>Our customer service is open Monday to Friday from 9 a.m. to 4:30 p.m.<\/p>\n\n<form id=\"zendesk-form\">\n  <label><br \/>\n    Your name<br \/>\n    <input type=\"text\" name=\"name\" required><br \/>\n  <\/label><\/p>\n<p>  <label><br \/>\n    Your email<br \/>\n    <input type=\"email\" name=\"email\" required><br \/>\n  <\/label><\/p>\n<p>  <label><br \/>\n    Phone number<br \/>\n    <input type=\"text\" name=\"phone\"><br \/>\n  <\/label><\/p>\n<p>  <label><br \/>\n    Subject<br \/>\n    <input type=\"text\" name=\"subject\"><br \/>\n  <\/label><\/p>\n<p>  <label><br \/>\n    Message<br \/>\n    <textarea name=\"message\" required><\/textarea><br \/>\n  <\/label><\/p>\n<div class=\"submit-container\">\n    <button type=\"submit\" id=\"zendesk-submit\"><br \/>\n      <span class=\"submitbtn\">Send<\/span><br \/>\n    <\/button><br \/>\n    <span class=\"spinner\" aria-hidden=\"true\"><\/span>\n  <\/div>\n<p id=\"form-message\" class=\"form-message\">\n<\/form>\n","protected":false},"excerpt":{"rendered":"<p>Whether by phone, email or via our social networks, our dedicated customer service team is committed to providing you with the most enjoyable experience with KARINE JONCAS. \u00a0 Karine Joncas Cosmetics Inc. Laboratoires Karine Joncas555 Chabanel Ouest, suite 1402Montr\u00e9al, QC H2N 2H8 514-807-4009 or 1 866-268-4243 Our customer service is open Monday to Friday from [&hellip;]<\/p>\n","protected":false},"author":7477,"featured_media":0,"parent":0,"menu_order":0,"comment_status":"closed","ping_status":"closed","template":"","meta":{"_acf_changed":false,"footnotes":""},"class_list":["post-50983","page","type-page","status-publish","hentry"],"acf":[],"yoast_head":"<!-- This site is optimized with the Yoast SEO Premium plugin v26.2 (Yoast SEO v27.4) - https:\/\/yoast.com\/product\/yoast-seo-premium-wordpress\/ -->\n<title>Karine Joncas | M\u00e9di-Cosm\u00e9tiques<\/title>\n<meta name=\"description\" content=\"Les vrais leaders des soins anti-\u00e2ge et multifonctions. Des produits haute performance de type professionnel \u00e0 domicile pour le mode de vie actif.\" \/>\n<meta name=\"robots\" content=\"index, follow, max-snippet:-1, max-image-preview:large, max-video-preview:-1\" \/>\n<link rel=\"canonical\" href=\"https:\/\/karinejoncasusa.com\/en\/contact\/\" \/>\n<meta property=\"og:locale\" content=\"en_US\" \/>\n<meta property=\"og:type\" content=\"article\" \/>\n<meta property=\"og:title\" content=\"Contact us\" \/>\n<meta property=\"og:description\" content=\"Les vrais leaders des soins anti-\u00e2ge et multifonctions. Des produits haute performance de type professionnel \u00e0 domicile pour le mode de vie actif.\" \/>\n<meta property=\"og:url\" content=\"https:\/\/karinejoncasusa.com\/en\/contact\/\" \/>\n<meta property=\"og:site_name\" content=\"Karine Joncas Medi-Cosmetics\" \/>\n<meta property=\"article:publisher\" content=\"https:\/\/www.facebook.com\/KarineJoncasCanada\" \/>\n<meta property=\"article:modified_time\" content=\"2026-01-22T14:03:58+00:00\" \/>\n<meta property=\"og:image\" content=\"https:\/\/karinejoncas.ca\/wp-content\/uploads\/2024\/11\/Banner_RV_Contactez-nous_600x400_v1.png\" \/>\n<meta name=\"twitter:card\" content=\"summary_large_image\" \/>\n<meta name=\"twitter:label1\" content=\"Est. reading time\" \/>\n\t<meta name=\"twitter:data1\" content=\"1 minute\" \/>\n<script type=\"application\/ld+json\" class=\"yoast-schema-graph\">{\"@context\":\"https:\\\/\\\/schema.org\",\"@graph\":[{\"@type\":\"WebPage\",\"@id\":\"https:\\\/\\\/karinejoncasusa.com\\\/en\\\/contact\\\/\",\"url\":\"https:\\\/\\\/karinejoncasusa.com\\\/en\\\/contact\\\/\",\"name\":\"Karine Joncas | M\u00e9di-Cosm\u00e9tiques\",\"isPartOf\":{\"@id\":\"https:\\\/\\\/karinejoncasusa.com\\\/en\\\/#website\"},\"primaryImageOfPage\":{\"@id\":\"https:\\\/\\\/karinejoncasusa.com\\\/en\\\/contact\\\/#primaryimage\"},\"image\":{\"@id\":\"https:\\\/\\\/karinejoncasusa.com\\\/en\\\/contact\\\/#primaryimage\"},\"thumbnailUrl\":\"https:\\\/\\\/karinejoncas.ca\\\/wp-content\\\/uploads\\\/2024\\\/11\\\/Banner_RV_Contactez-nous_600x400_v1.png\",\"datePublished\":\"2022-08-05T20:17:35+00:00\",\"dateModified\":\"2026-01-22T14:03:58+00:00\",\"description\":\"Les vrais leaders des soins anti-\u00e2ge et multifonctions. Des produits haute performance de type professionnel \u00e0 domicile pour le mode de vie actif.\",\"breadcrumb\":{\"@id\":\"https:\\\/\\\/karinejoncasusa.com\\\/en\\\/contact\\\/#breadcrumb\"},\"inLanguage\":\"en-US\",\"potentialAction\":[{\"@type\":\"ReadAction\",\"target\":[\"https:\\\/\\\/karinejoncasusa.com\\\/en\\\/contact\\\/\"]}]},{\"@type\":\"ImageObject\",\"inLanguage\":\"en-US\",\"@id\":\"https:\\\/\\\/karinejoncasusa.com\\\/en\\\/contact\\\/#primaryimage\",\"url\":\"https:\\\/\\\/karinejoncas.ca\\\/wp-content\\\/uploads\\\/2024\\\/11\\\/Banner_RV_Contactez-nous_600x400_v1.png\",\"contentUrl\":\"https:\\\/\\\/karinejoncas.ca\\\/wp-content\\\/uploads\\\/2024\\\/11\\\/Banner_RV_Contactez-nous_600x400_v1.png\"},{\"@type\":\"BreadcrumbList\",\"@id\":\"https:\\\/\\\/karinejoncasusa.com\\\/en\\\/contact\\\/#breadcrumb\",\"itemListElement\":[{\"@type\":\"ListItem\",\"position\":1,\"name\":\"Accueil\",\"item\":\"https:\\\/\\\/karinejoncasusa.com\\\/en\\\/\"},{\"@type\":\"ListItem\",\"position\":2,\"name\":\"Contact us\"}]},{\"@type\":\"WebSite\",\"@id\":\"https:\\\/\\\/karinejoncasusa.com\\\/en\\\/#website\",\"url\":\"https:\\\/\\\/karinejoncasusa.com\\\/en\\\/\",\"name\":\"Karine Joncas\",\"description\":\"Medi-Cosmetics\",\"publisher\":{\"@id\":\"https:\\\/\\\/karinejoncasusa.com\\\/en\\\/#organization\"},\"alternateName\":\"Karine Joncas\",\"potentialAction\":[{\"@type\":\"SearchAction\",\"target\":{\"@type\":\"EntryPoint\",\"urlTemplate\":\"https:\\\/\\\/karinejoncasusa.com\\\/en\\\/?s={search_term_string}\"},\"query-input\":{\"@type\":\"PropertyValueSpecification\",\"valueRequired\":true,\"valueName\":\"search_term_string\"}}],\"inLanguage\":\"en-US\"},{\"@type\":\"Organization\",\"@id\":\"https:\\\/\\\/karinejoncasusa.com\\\/en\\\/#organization\",\"name\":\"Karine Joncas\",\"alternateName\":\"Karine Joncas | M\u00e9di-Cosm\u00e9tiques\",\"url\":\"https:\\\/\\\/karinejoncasusa.com\\\/en\\\/\",\"logo\":{\"@type\":\"ImageObject\",\"inLanguage\":\"en-US\",\"@id\":\"https:\\\/\\\/karinejoncasusa.com\\\/en\\\/#\\\/schema\\\/logo\\\/image\\\/\",\"url\":\"https:\\\/\\\/karinejoncas.ca\\\/wp-content\\\/uploads\\\/2023\\\/02\\\/logo_KarineJoncas_Rectangle.png\",\"contentUrl\":\"https:\\\/\\\/karinejoncas.ca\\\/wp-content\\\/uploads\\\/2023\\\/02\\\/logo_KarineJoncas_Rectangle.png\",\"width\":2700,\"height\":307,\"caption\":\"Karine Joncas\"},\"image\":{\"@id\":\"https:\\\/\\\/karinejoncasusa.com\\\/en\\\/#\\\/schema\\\/logo\\\/image\\\/\"},\"sameAs\":[\"https:\\\/\\\/www.facebook.com\\\/KarineJoncasCanada\"]}]}<\/script>\n<!-- \/ Yoast SEO Premium plugin. -->","yoast_head_json":{"title":"Karine Joncas | M\u00e9di-Cosm\u00e9tiques","description":"Les vrais leaders des soins anti-\u00e2ge et multifonctions. Des produits haute performance de type professionnel \u00e0 domicile pour le mode de vie actif.","robots":{"index":"index","follow":"follow","max-snippet":"max-snippet:-1","max-image-preview":"max-image-preview:large","max-video-preview":"max-video-preview:-1"},"canonical":"https:\/\/karinejoncasusa.com\/en\/contact\/","og_locale":"en_US","og_type":"article","og_title":"Contact us","og_description":"Les vrais leaders des soins anti-\u00e2ge et multifonctions. Des produits haute performance de type professionnel \u00e0 domicile pour le mode de vie actif.","og_url":"https:\/\/karinejoncasusa.com\/en\/contact\/","og_site_name":"Karine Joncas Medi-Cosmetics","article_publisher":"https:\/\/www.facebook.com\/KarineJoncasCanada","article_modified_time":"2026-01-22T14:03:58+00:00","og_image":[{"url":"https:\/\/karinejoncas.ca\/wp-content\/uploads\/2024\/11\/Banner_RV_Contactez-nous_600x400_v1.png","type":"","width":"","height":""}],"twitter_card":"summary_large_image","twitter_misc":{"Est. reading time":"1 minute"},"schema":{"@context":"https:\/\/schema.org","@graph":[{"@type":"WebPage","@id":"https:\/\/karinejoncasusa.com\/en\/contact\/","url":"https:\/\/karinejoncasusa.com\/en\/contact\/","name":"Karine Joncas | M\u00e9di-Cosm\u00e9tiques","isPartOf":{"@id":"https:\/\/karinejoncasusa.com\/en\/#website"},"primaryImageOfPage":{"@id":"https:\/\/karinejoncasusa.com\/en\/contact\/#primaryimage"},"image":{"@id":"https:\/\/karinejoncasusa.com\/en\/contact\/#primaryimage"},"thumbnailUrl":"https:\/\/karinejoncas.ca\/wp-content\/uploads\/2024\/11\/Banner_RV_Contactez-nous_600x400_v1.png","datePublished":"2022-08-05T20:17:35+00:00","dateModified":"2026-01-22T14:03:58+00:00","description":"Les vrais leaders des soins anti-\u00e2ge et multifonctions. Des produits haute performance de type professionnel \u00e0 domicile pour le mode de vie actif.","breadcrumb":{"@id":"https:\/\/karinejoncasusa.com\/en\/contact\/#breadcrumb"},"inLanguage":"en-US","potentialAction":[{"@type":"ReadAction","target":["https:\/\/karinejoncasusa.com\/en\/contact\/"]}]},{"@type":"ImageObject","inLanguage":"en-US","@id":"https:\/\/karinejoncasusa.com\/en\/contact\/#primaryimage","url":"https:\/\/karinejoncas.ca\/wp-content\/uploads\/2024\/11\/Banner_RV_Contactez-nous_600x400_v1.png","contentUrl":"https:\/\/karinejoncas.ca\/wp-content\/uploads\/2024\/11\/Banner_RV_Contactez-nous_600x400_v1.png"},{"@type":"BreadcrumbList","@id":"https:\/\/karinejoncasusa.com\/en\/contact\/#breadcrumb","itemListElement":[{"@type":"ListItem","position":1,"name":"Accueil","item":"https:\/\/karinejoncasusa.com\/en\/"},{"@type":"ListItem","position":2,"name":"Contact us"}]},{"@type":"WebSite","@id":"https:\/\/karinejoncasusa.com\/en\/#website","url":"https:\/\/karinejoncasusa.com\/en\/","name":"Karine Joncas","description":"Medi-Cosmetics","publisher":{"@id":"https:\/\/karinejoncasusa.com\/en\/#organization"},"alternateName":"Karine Joncas","potentialAction":[{"@type":"SearchAction","target":{"@type":"EntryPoint","urlTemplate":"https:\/\/karinejoncasusa.com\/en\/?s={search_term_string}"},"query-input":{"@type":"PropertyValueSpecification","valueRequired":true,"valueName":"search_term_string"}}],"inLanguage":"en-US"},{"@type":"Organization","@id":"https:\/\/karinejoncasusa.com\/en\/#organization","name":"Karine Joncas","alternateName":"Karine Joncas | M\u00e9di-Cosm\u00e9tiques","url":"https:\/\/karinejoncasusa.com\/en\/","logo":{"@type":"ImageObject","inLanguage":"en-US","@id":"https:\/\/karinejoncasusa.com\/en\/#\/schema\/logo\/image\/","url":"https:\/\/karinejoncas.ca\/wp-content\/uploads\/2023\/02\/logo_KarineJoncas_Rectangle.png","contentUrl":"https:\/\/karinejoncas.ca\/wp-content\/uploads\/2023\/02\/logo_KarineJoncas_Rectangle.png","width":2700,"height":307,"caption":"Karine Joncas"},"image":{"@id":"https:\/\/karinejoncasusa.com\/en\/#\/schema\/logo\/image\/"},"sameAs":["https:\/\/www.facebook.com\/KarineJoncasCanada"]}]}},"_links":{"self":[{"href":"https:\/\/karinejoncasusa.com\/en\/wp-json\/wp\/v2\/pages\/50983","targetHints":{"allow":["GET"]}}],"collection":[{"href":"https:\/\/karinejoncasusa.com\/en\/wp-json\/wp\/v2\/pages"}],"about":[{"href":"https:\/\/karinejoncasusa.com\/en\/wp-json\/wp\/v2\/types\/page"}],"author":[{"embeddable":true,"href":"https:\/\/karinejoncasusa.com\/en\/wp-json\/wp\/v2\/users\/7477"}],"replies":[{"embeddable":true,"href":"https:\/\/karinejoncasusa.com\/en\/wp-json\/wp\/v2\/comments?post=50983"}],"version-history":[{"count":5,"href":"https:\/\/karinejoncasusa.com\/en\/wp-json\/wp\/v2\/pages\/50983\/revisions"}],"predecessor-version":[{"id":84520,"href":"https:\/\/karinejoncasusa.com\/en\/wp-json\/wp\/v2\/pages\/50983\/revisions\/84520"}],"wp:attachment":[{"href":"https:\/\/karinejoncasusa.com\/en\/wp-json\/wp\/v2\/media?parent=50983"}],"curies":[{"name":"wp","href":"https:\/\/api.w.org\/{rel}","templated":true}]}}