{"id":9946,"date":"2021-04-28T15:58:17","date_gmt":"2021-04-28T19:58:17","guid":{"rendered":"https:\/\/staging.karinejoncas.ca\/kj-blog\/"},"modified":"2024-11-04T14:56:15","modified_gmt":"2024-11-04T19:56:15","slug":"kj-blog","status":"publish","type":"page","link":"https:\/\/karinejoncasusa.com\/en\/kj-blog\/","title":{"rendered":"KJ Blog"},"content":{"rendered":"\t\t<div data-elementor-type=\"wp-page\" data-elementor-id=\"9946\" class=\"elementor elementor-9946 elementor-9944\" data-elementor-post-type=\"page\">\n\t\t\t\t\t\t<section class=\"elementor-section elementor-top-section elementor-element elementor-element-1e7f6d8 elementor-section-full_width elementor-section-height-default elementor-section-height-default\" data-id=\"1e7f6d8\" data-element_type=\"section\" data-e-type=\"section\">\n\t\t\t\t\t\t<div class=\"elementor-container elementor-column-gap-no\">\n\t\t\t\t\t<div class=\"elementor-column elementor-col-100 elementor-top-column elementor-element elementor-element-d46421a\" data-id=\"d46421a\" data-element_type=\"column\" data-e-type=\"column\">\n\t\t\t<div class=\"elementor-widget-wrap elementor-element-populated\">\n\t\t\t\t\t\t<div class=\"elementor-element elementor-element-d3950d2 elementor-widget elementor-widget-html\" data-id=\"d3950d2\" data-element_type=\"widget\" data-e-type=\"widget\" data-widget_type=\"html.default\">\n\t\t\t\t<div class=\"elementor-widget-container\">\n\t\t\t\t\t<div>\r\n<picture>\r\n \t <source srcset=\"https:\/\/karinejoncas.ca\/wp-content\/uploads\/2024\/11\/Banner_RV_KJ-Blog_3840x800_ANG_v1.png\" media=\"(min-width: 1400px)\">\r\n\t <source srcset=\"https:\/\/karinejoncas.ca\/wp-content\/uploads\/2024\/11\/Banner_RV_KJ-Blog_1920x500_ANG_v1.png\" media=\"(min-width: 1200px)\">\r\n\t <source srcset=\"https:\/\/karinejoncas.ca\/wp-content\/uploads\/2024\/11\/Banner_RV_KJ-Blog_1920x500_ANG_v1.png\" media=\"(min-width: 600px)\">\r\n     <source srcset=\"https:\/\/karinejoncas.ca\/wp-content\/uploads\/2024\/11\/Banner_RV_Blogue-KJ_600x400_v1.png\" media=\"(min-width: 500px)\">\r\n     <img decoding=\"async\" src=\"https:\/\/karinejoncas.ca\/wp-content\/uploads\/2024\/11\/Banner_RV_Blogue-KJ_600x400_v1.png\" style= \"border:1px solid; color:lightgrey\" alt=\"KJIMAGES\">\r\n\r\n<\/picture>\r\n\r\n<\/div>\t\t\t\t<\/div>\n\t\t\t\t<\/div>\n\t\t\t\t\t<\/div>\n\t\t<\/div>\n\t\t\t\t\t<\/div>\n\t\t<\/section>\n\t\t\t\t<section class=\"elementor-section elementor-top-section elementor-element elementor-element-5847d8db elementor-section-boxed elementor-section-height-default elementor-section-height-default\" data-id=\"5847d8db\" data-element_type=\"section\" data-e-type=\"section\">\n\t\t\t\t\t\t<div class=\"elementor-container elementor-column-gap-default\">\n\t\t\t\t\t<div class=\"elementor-column elementor-col-100 elementor-top-column elementor-element elementor-element-7804d25b\" data-id=\"7804d25b\" data-element_type=\"column\" data-e-type=\"column\">\n\t\t\t<div class=\"elementor-widget-wrap elementor-element-populated\">\n\t\t\t\t\t\t<div class=\"elementor-element elementor-element-15fe3a7 elementor-widget elementor-widget-text-editor\" data-id=\"15fe3a7\" data-element_type=\"widget\" data-e-type=\"widget\" data-widget_type=\"text-editor.default\">\n\t\t\t\t<div class=\"elementor-widget-container\">\n\t\t\t\t\t\t\t\t\t<h1><img decoding=\"async\" class=\"size-full wp-image-16507\" role=\"img\" src=\"https:\/\/karinejoncas.ca\/wp-content\/uploads\/2021\/07\/Picto_Blogue-2021.svg\" alt=\"Picto_Blogue-2021\" width=\"62\" height=\"40\" \/><span style=\"top: -10px; left: 10px; position: relative;\">KJ Blog<\/span><\/h1>\t\t\t\t\t\t\t\t<\/div>\n\t\t\t\t<\/div>\n\t\t\t\t<section class=\"elementor-section elementor-inner-section elementor-element elementor-element-29eac040 elementor-section-boxed elementor-section-height-default elementor-section-height-default\" data-id=\"29eac040\" data-element_type=\"section\" data-e-type=\"section\">\n\t\t\t\t\t\t<div class=\"elementor-container elementor-column-gap-no\">\n\t\t\t\t\t<div class=\"elementor-column elementor-col-100 elementor-inner-column elementor-element elementor-element-20d8fc10\" data-id=\"20d8fc10\" data-element_type=\"column\" data-e-type=\"column\">\n\t\t\t<div class=\"elementor-widget-wrap elementor-element-populated\">\n\t\t\t\t\t\t<div class=\"elementor-element elementor-element-5d026d47 elementor-widget elementor-widget-jet-posts\" data-id=\"5d026d47\" data-element_type=\"widget\" data-e-type=\"widget\" data-settings=\"{&quot;columns&quot;:&quot;3&quot;,&quot;columns_tablet&quot;:&quot;2&quot;,&quot;slides_to_scroll&quot;:&quot;1&quot;}\" data-widget_type=\"jet-posts.default\">\n\t\t\t\t<div class=\"elementor-widget-container\">\n\t\t\t\t\t<div class=\"elementor-jet-posts jet-elements\"><div class=\"jet-posts col-row  jet-equal-cols\"><div class=\"jet-posts__item\">\n\t<div class=\"jet-posts__inner-box\"><div class=\"post-thumbnail\"><a href=\"https:\/\/karinejoncasusa.com\/en\/the-kj-secrets\/\" class=\"post-thumbnail__link\"><img loading=\"lazy\" decoding=\"async\" class=\"post-thumbnail__img wp-post-image\" src=\"https:\/\/karinejoncasusa.com\/wp-content\/uploads\/2023\/12\/Secrets-KJ_1228x767.png\" alt=\"The KJ Secrets\" loading=\"lazy\" width=\"1228\" height=\"767\"><\/a><\/div><div class=\"jet-posts__inner-content\"><h4 class=\"entry-title\"><a href=\"https:\/\/karinejoncasusa.com\/en\/the-kj-secrets\/\" target=\"\">The KJ Secrets<\/a><\/h4><div class=\"entry-excerpt\">The KJ Secrets If you&#8217;re curious, we&#8217;ve got a few KJ secrets to help you get your holiday magic on&hellip;<\/div><div class=\"jet-more-wrap\"><a href=\"https:\/\/karinejoncasusa.com\/en\/the-kj-secrets\/\" class=\"btn btn-primary elementor-button elementor-size-md jet-more\" target=\"\"><span class=\"btn__text\">Read more<\/span><\/a><\/div><\/div><\/div>\n<\/div>\n<div class=\"jet-posts__item\">\n\t<div class=\"jet-posts__inner-box\"><div class=\"post-thumbnail\"><a href=\"https:\/\/karinejoncasusa.com\/en\/how-to-take-care-of-your-neck-and-decollete\/\" class=\"post-thumbnail__link\"><img loading=\"lazy\" decoding=\"async\" class=\"post-thumbnail__img wp-post-image\" src=\"https:\/\/karinejoncasusa.com\/wp-content\/uploads\/2021\/06\/A-chacun-son-decollete_1228x767.png\" alt=\"How to take care of your neck and d\u00e9collet\u00e9?\" loading=\"lazy\" width=\"1228\" height=\"767\"><\/a><\/div><div class=\"jet-posts__inner-content\"><h4 class=\"entry-title\"><a href=\"https:\/\/karinejoncasusa.com\/en\/how-to-take-care-of-your-neck-and-decollete\/\" target=\"\">How to take...<\/a><\/h4><div class=\"entry-excerpt\">How to take care of your neck and d\u00e9collet\u00e9? The neck and d\u00e9collet\u00e9 are areas of the body that are&hellip;<\/div><div class=\"jet-more-wrap\"><a href=\"https:\/\/karinejoncasusa.com\/en\/how-to-take-care-of-your-neck-and-decollete\/\" class=\"btn btn-primary elementor-button elementor-size-md jet-more\" target=\"\"><span class=\"btn__text\">Read more<\/span><\/a><\/div><\/div><\/div>\n<\/div>\n<div class=\"jet-posts__item\">\n\t<div class=\"jet-posts__inner-box\"><div class=\"post-thumbnail\"><a href=\"https:\/\/karinejoncasusa.com\/en\/to-each-their-own-kj-mask\/\" class=\"post-thumbnail__link\"><img loading=\"lazy\" decoding=\"async\" class=\"post-thumbnail__img wp-post-image\" src=\"https:\/\/karinejoncasusa.com\/wp-content\/uploads\/2023\/10\/A-chacun-son-masque_1779x1111.png\" alt=\"To each their own KJ Mask\" loading=\"lazy\" width=\"1779\" height=\"1111\"><\/a><\/div><div class=\"jet-posts__inner-content\"><h4 class=\"entry-title\"><a href=\"https:\/\/karinejoncasusa.com\/en\/to-each-their-own-kj-mask\/\" target=\"\">To each their...<\/a><\/h4><div class=\"entry-excerpt\">To each their own KJ Mask To help the skin regain all its radiance, KARINE JONCAS offers an exfoliant and&hellip;<\/div><div class=\"jet-more-wrap\"><a href=\"https:\/\/karinejoncasusa.com\/en\/to-each-their-own-kj-mask\/\" class=\"btn btn-primary elementor-button elementor-size-md jet-more\" target=\"\"><span class=\"btn__text\">Read more<\/span><\/a><\/div><\/div><\/div>\n<\/div>\n<div class=\"jet-posts__item\">\n\t<div class=\"jet-posts__inner-box\"><div class=\"post-thumbnail\"><a href=\"https:\/\/karinejoncasusa.com\/en\/welcome-fall-in-beauty-2\/\" class=\"post-thumbnail__link\"><img loading=\"lazy\" decoding=\"async\" class=\"post-thumbnail__img wp-post-image\" src=\"https:\/\/karinejoncasusa.com\/wp-content\/uploads\/2023\/01\/Sans-titre-3.webp\" alt=\"Welcome Fall in beauty\" loading=\"lazy\" width=\"800\" height=\"500\"><\/a><\/div><div class=\"jet-posts__inner-content\"><h4 class=\"entry-title\"><a href=\"https:\/\/karinejoncasusa.com\/en\/welcome-fall-in-beauty-2\/\" target=\"\">Welcome Fall in...<\/a><\/h4><div class=\"entry-excerpt\">Welcome Fall in beauty ! KJ CONCENTRATES to the rescue ! Simply add one or more\u00a0KJ Dermo-Intensive Concentrates\u00a0to your routine&hellip;<\/div><div class=\"jet-more-wrap\"><a href=\"https:\/\/karinejoncasusa.com\/en\/welcome-fall-in-beauty-2\/\" class=\"btn btn-primary elementor-button elementor-size-md jet-more\" target=\"\"><span class=\"btn__text\">Read more<\/span><\/a><\/div><\/div><\/div>\n<\/div>\n<div class=\"jet-posts__item\">\n\t<div class=\"jet-posts__inner-box\"><div class=\"post-thumbnail\"><a href=\"https:\/\/karinejoncasusa.com\/en\/5-tips-for-soothed-skin\/\" class=\"post-thumbnail__link\"><img loading=\"lazy\" decoding=\"async\" class=\"post-thumbnail__img wp-post-image\" src=\"https:\/\/karinejoncasusa.com\/wp-content\/uploads\/2023\/01\/Untitled-design-15-1.webp\" alt=\"5 Tips For Soothed Skin\" loading=\"lazy\" width=\"800\" height=\"500\"><\/a><\/div><div class=\"jet-posts__inner-content\"><h4 class=\"entry-title\"><a href=\"https:\/\/karinejoncasusa.com\/en\/5-tips-for-soothed-skin\/\" target=\"\">5 Tips For...<\/a><\/h4><div class=\"entry-excerpt\">SKIN SENSITIVITY? Here are 5 steps to incorporate into your beauty routine for a soothed and calmed skin. 1. Prioritize&hellip;<\/div><div class=\"jet-more-wrap\"><a href=\"https:\/\/karinejoncasusa.com\/en\/5-tips-for-soothed-skin\/\" class=\"btn btn-primary elementor-button elementor-size-md jet-more\" target=\"\"><span class=\"btn__text\">Read more<\/span><\/a><\/div><\/div><\/div>\n<\/div>\n<div class=\"jet-posts__item\">\n\t<div class=\"jet-posts__inner-box\"><div class=\"post-thumbnail\"><a href=\"https:\/\/karinejoncasusa.com\/en\/les-complements-beaute-kj\/\" class=\"post-thumbnail__link\"><img loading=\"lazy\" decoding=\"async\" class=\"post-thumbnail__img wp-post-image\" src=\"https:\/\/karinejoncasusa.com\/wp-content\/uploads\/2023\/01\/Untitled-design-19-1.webp\" alt=\"KJ Beauty Skincare Boost\" loading=\"lazy\" width=\"800\" height=\"500\"><\/a><\/div><div class=\"jet-posts__inner-content\"><h4 class=\"entry-title\"><a href=\"https:\/\/karinejoncasusa.com\/en\/les-complements-beaute-kj\/\" target=\"\">KJ Beauty Skincare...<\/a><\/h4><div class=\"entry-excerpt\">The Beauty Boosts KJ that perfectly complement your physical activities. The thermometer is rising!<\/div><div class=\"jet-more-wrap\"><a href=\"https:\/\/karinejoncasusa.com\/en\/les-complements-beaute-kj\/\" class=\"btn btn-primary elementor-button elementor-size-md jet-more\" target=\"\"><span class=\"btn__text\">Read more<\/span><\/a><\/div><\/div><\/div>\n<\/div>\n<div class=\"jet-posts__item\">\n\t<div class=\"jet-posts__inner-box\"><div class=\"post-thumbnail\"><a href=\"https:\/\/karinejoncasusa.com\/en\/4-reasons-to-add-a-kj-serum-to-your-skincare-routine\/\" class=\"post-thumbnail__link\"><img loading=\"lazy\" decoding=\"async\" class=\"post-thumbnail__img wp-post-image\" src=\"https:\/\/karinejoncasusa.com\/wp-content\/uploads\/2022\/12\/Untitled-design-11.png\" alt=\"4 reasons to add a KJ Serum to your skincare routine\" loading=\"lazy\" width=\"800\" height=\"500\"><\/a><\/div><div class=\"jet-posts__inner-content\"><h4 class=\"entry-title\"><a href=\"https:\/\/karinejoncasusa.com\/en\/4-reasons-to-add-a-kj-serum-to-your-skincare-routine\/\" target=\"\">4 reasons to...<\/a><\/h4><div class=\"entry-excerpt\">4 REASONS to add a KJ SERUM to your skincare routine Highly effective, skincare serums are key treatments to include&hellip;<\/div><div class=\"jet-more-wrap\"><a href=\"https:\/\/karinejoncasusa.com\/en\/4-reasons-to-add-a-kj-serum-to-your-skincare-routine\/\" class=\"btn btn-primary elementor-button elementor-size-md jet-more\" target=\"\"><span class=\"btn__text\">Read more<\/span><\/a><\/div><\/div><\/div>\n<\/div>\n<div class=\"jet-posts__item\">\n\t<div class=\"jet-posts__inner-box\"><div class=\"post-thumbnail\"><a href=\"https:\/\/karinejoncasusa.com\/en\/say-goodbye-to-dull-and-wrinkled-skin-in-the-morning\/\" class=\"post-thumbnail__link\"><img loading=\"lazy\" decoding=\"async\" class=\"post-thumbnail__img wp-post-image\" src=\"https:\/\/karinejoncasusa.com\/wp-content\/uploads\/2023\/02\/Untitled-design-30.png\" alt=\"Say goodbye to dull and wrinkled skin in the morning!\" loading=\"lazy\" width=\"1600\" height=\"1000\"><\/a><\/div><div class=\"jet-posts__inner-content\"><h4 class=\"entry-title\"><a href=\"https:\/\/karinejoncasusa.com\/en\/say-goodbye-to-dull-and-wrinkled-skin-in-the-morning\/\" target=\"\">Say goodbye to...<\/a><\/h4><div class=\"entry-excerpt\">Say goodbye to dull and wrinkled skin in the morning! The Gold Youth Concentrate is a night repairing care. Concentrated&hellip;<\/div><div class=\"jet-more-wrap\"><a href=\"https:\/\/karinejoncasusa.com\/en\/say-goodbye-to-dull-and-wrinkled-skin-in-the-morning\/\" class=\"btn btn-primary elementor-button elementor-size-md jet-more\" target=\"\"><span class=\"btn__text\">Read more<\/span><\/a><\/div><\/div><\/div>\n<\/div>\n<div class=\"jet-posts__item\">\n\t<div class=\"jet-posts__inner-box\"><div class=\"post-thumbnail\"><a href=\"https:\/\/karinejoncasusa.com\/en\/kj-collagen-power\/\" class=\"post-thumbnail__link\"><img loading=\"lazy\" decoding=\"async\" class=\"post-thumbnail__img wp-post-image\" src=\"https:\/\/karinejoncasusa.com\/wp-content\/uploads\/2021\/06\/Pouvoir-du-collage\u0300ne.png\" alt=\"KJ Collagen Power\" loading=\"lazy\" width=\"800\" height=\"500\"><\/a><\/div><div class=\"jet-posts__inner-content\"><h4 class=\"entry-title\"><a href=\"https:\/\/karinejoncasusa.com\/en\/kj-collagen-power\/\" target=\"\">KJ Collagen Power<\/a><\/h4><div class=\"entry-excerpt\">KJ Collagen Power At KARINE JONCAS, we love Collagen! It is an inescapable ingredient when it comes to anti-aging. Ultra-&hellip;<\/div><div class=\"jet-more-wrap\"><a href=\"https:\/\/karinejoncasusa.com\/en\/kj-collagen-power\/\" class=\"btn btn-primary elementor-button elementor-size-md jet-more\" target=\"\"><span class=\"btn__text\">Read more<\/span><\/a><\/div><\/div><\/div>\n<\/div>\n<\/div>\n<\/div>\t\t\t\t<\/div>\n\t\t\t\t<\/div>\n\t\t\t\t\t<\/div>\n\t\t<\/div>\n\t\t\t\t\t<\/div>\n\t\t<\/section>\n\t\t\t\t\t<\/div>\n\t\t<\/div>\n\t\t\t\t\t<\/div>\n\t\t<\/section>\n\t\t\t\t<\/div>\n\t\t","protected":false},"excerpt":{"rendered":"<p>KJ Blog The KJ Secrets The KJ Secrets If you&#8217;re curious, we&#8217;ve got a few KJ secrets to help you get your holiday magic on&hellip;Read more How to take&#8230; How to take care of your neck and d\u00e9collet\u00e9? The neck and d\u00e9collet\u00e9 are areas of the body that are&hellip;Read more To each their&#8230; To each [&hellip;]<\/p>\n","protected":false},"author":7477,"featured_media":0,"parent":0,"menu_order":0,"comment_status":"closed","ping_status":"closed","template":"","meta":{"_acf_changed":false,"footnotes":""},"class_list":["post-9946","page","type-page","status-publish","hentry"],"acf":[],"yoast_head":"<!-- This site is optimized with the Yoast SEO Premium plugin v26.2 (Yoast SEO v27.4) - https:\/\/yoast.com\/product\/yoast-seo-premium-wordpress\/ -->\n<title>Karine Joncas | M\u00e9di-Cosm\u00e9tiques<\/title>\n<meta name=\"description\" content=\"Beauty tips and exclusives to immerse yourself in the world of KARINE JONCAS\" \/>\n<meta name=\"robots\" content=\"index, follow, max-snippet:-1, max-image-preview:large, max-video-preview:-1\" \/>\n<link rel=\"canonical\" href=\"https:\/\/karinejoncasusa.com\/en\/kj-blog\/\" \/>\n<meta property=\"og:locale\" content=\"en_US\" \/>\n<meta property=\"og:type\" content=\"article\" \/>\n<meta property=\"og:title\" content=\"KJ Blog\" \/>\n<meta property=\"og:description\" content=\"Beauty tips and exclusives to immerse yourself in the world of KARINE JONCAS\" \/>\n<meta property=\"og:url\" content=\"https:\/\/karinejoncasusa.com\/en\/kj-blog\/\" \/>\n<meta property=\"og:site_name\" content=\"Karine Joncas Medi-Cosmetics\" \/>\n<meta property=\"article:publisher\" content=\"https:\/\/www.facebook.com\/KarineJoncasCanada\" \/>\n<meta property=\"article:modified_time\" content=\"2024-11-04T19:56:15+00:00\" \/>\n<meta property=\"og:image\" content=\"https:\/\/karinejoncas.ca\/wp-content\/uploads\/2024\/11\/Banner_RV_Blogue-KJ_600x400_v1.png\" \/>\n<meta name=\"twitter:card\" content=\"summary_large_image\" \/>\n<meta name=\"twitter:label1\" content=\"Est. reading time\" \/>\n\t<meta name=\"twitter:data1\" content=\"4 minutes\" \/>\n<script type=\"application\/ld+json\" class=\"yoast-schema-graph\">{\"@context\":\"https:\\\/\\\/schema.org\",\"@graph\":[{\"@type\":\"WebPage\",\"@id\":\"https:\\\/\\\/karinejoncasusa.com\\\/en\\\/kj-blog\\\/\",\"url\":\"https:\\\/\\\/karinejoncasusa.com\\\/en\\\/kj-blog\\\/\",\"name\":\"Karine Joncas | M\u00e9di-Cosm\u00e9tiques\",\"isPartOf\":{\"@id\":\"https:\\\/\\\/karinejoncasusa.com\\\/en\\\/#website\"},\"primaryImageOfPage\":{\"@id\":\"https:\\\/\\\/karinejoncasusa.com\\\/en\\\/kj-blog\\\/#primaryimage\"},\"image\":{\"@id\":\"https:\\\/\\\/karinejoncasusa.com\\\/en\\\/kj-blog\\\/#primaryimage\"},\"thumbnailUrl\":\"https:\\\/\\\/karinejoncas.ca\\\/wp-content\\\/uploads\\\/2024\\\/11\\\/Banner_RV_Blogue-KJ_600x400_v1.png\",\"datePublished\":\"2021-04-28T19:58:17+00:00\",\"dateModified\":\"2024-11-04T19:56:15+00:00\",\"description\":\"Beauty tips and exclusives to immerse yourself in the world of KARINE JONCAS\",\"breadcrumb\":{\"@id\":\"https:\\\/\\\/karinejoncasusa.com\\\/en\\\/kj-blog\\\/#breadcrumb\"},\"inLanguage\":\"en-US\",\"potentialAction\":[{\"@type\":\"ReadAction\",\"target\":[\"https:\\\/\\\/karinejoncasusa.com\\\/en\\\/kj-blog\\\/\"]}]},{\"@type\":\"ImageObject\",\"inLanguage\":\"en-US\",\"@id\":\"https:\\\/\\\/karinejoncasusa.com\\\/en\\\/kj-blog\\\/#primaryimage\",\"url\":\"https:\\\/\\\/karinejoncas.ca\\\/wp-content\\\/uploads\\\/2024\\\/11\\\/Banner_RV_Blogue-KJ_600x400_v1.png\",\"contentUrl\":\"https:\\\/\\\/karinejoncas.ca\\\/wp-content\\\/uploads\\\/2024\\\/11\\\/Banner_RV_Blogue-KJ_600x400_v1.png\"},{\"@type\":\"BreadcrumbList\",\"@id\":\"https:\\\/\\\/karinejoncasusa.com\\\/en\\\/kj-blog\\\/#breadcrumb\",\"itemListElement\":[{\"@type\":\"ListItem\",\"position\":1,\"name\":\"Accueil\",\"item\":\"https:\\\/\\\/karinejoncasusa.com\\\/en\\\/\"},{\"@type\":\"ListItem\",\"position\":2,\"name\":\"KJ Blog\"}]},{\"@type\":\"WebSite\",\"@id\":\"https:\\\/\\\/karinejoncasusa.com\\\/en\\\/#website\",\"url\":\"https:\\\/\\\/karinejoncasusa.com\\\/en\\\/\",\"name\":\"Karine Joncas\",\"description\":\"Medi-Cosmetics\",\"publisher\":{\"@id\":\"https:\\\/\\\/karinejoncasusa.com\\\/en\\\/#organization\"},\"alternateName\":\"Karine Joncas\",\"potentialAction\":[{\"@type\":\"SearchAction\",\"target\":{\"@type\":\"EntryPoint\",\"urlTemplate\":\"https:\\\/\\\/karinejoncasusa.com\\\/en\\\/?s={search_term_string}\"},\"query-input\":{\"@type\":\"PropertyValueSpecification\",\"valueRequired\":true,\"valueName\":\"search_term_string\"}}],\"inLanguage\":\"en-US\"},{\"@type\":\"Organization\",\"@id\":\"https:\\\/\\\/karinejoncasusa.com\\\/en\\\/#organization\",\"name\":\"Karine Joncas\",\"alternateName\":\"Karine Joncas | M\u00e9di-Cosm\u00e9tiques\",\"url\":\"https:\\\/\\\/karinejoncasusa.com\\\/en\\\/\",\"logo\":{\"@type\":\"ImageObject\",\"inLanguage\":\"en-US\",\"@id\":\"https:\\\/\\\/karinejoncasusa.com\\\/en\\\/#\\\/schema\\\/logo\\\/image\\\/\",\"url\":\"https:\\\/\\\/karinejoncas.ca\\\/wp-content\\\/uploads\\\/2023\\\/02\\\/logo_KarineJoncas_Rectangle.png\",\"contentUrl\":\"https:\\\/\\\/karinejoncas.ca\\\/wp-content\\\/uploads\\\/2023\\\/02\\\/logo_KarineJoncas_Rectangle.png\",\"width\":2700,\"height\":307,\"caption\":\"Karine Joncas\"},\"image\":{\"@id\":\"https:\\\/\\\/karinejoncasusa.com\\\/en\\\/#\\\/schema\\\/logo\\\/image\\\/\"},\"sameAs\":[\"https:\\\/\\\/www.facebook.com\\\/KarineJoncasCanada\"]}]}<\/script>\n<!-- \/ Yoast SEO Premium plugin. -->","yoast_head_json":{"title":"Karine Joncas | M\u00e9di-Cosm\u00e9tiques","description":"Beauty tips and exclusives to immerse yourself in the world of KARINE JONCAS","robots":{"index":"index","follow":"follow","max-snippet":"max-snippet:-1","max-image-preview":"max-image-preview:large","max-video-preview":"max-video-preview:-1"},"canonical":"https:\/\/karinejoncasusa.com\/en\/kj-blog\/","og_locale":"en_US","og_type":"article","og_title":"KJ Blog","og_description":"Beauty tips and exclusives to immerse yourself in the world of KARINE JONCAS","og_url":"https:\/\/karinejoncasusa.com\/en\/kj-blog\/","og_site_name":"Karine Joncas Medi-Cosmetics","article_publisher":"https:\/\/www.facebook.com\/KarineJoncasCanada","article_modified_time":"2024-11-04T19:56:15+00:00","og_image":[{"url":"https:\/\/karinejoncas.ca\/wp-content\/uploads\/2024\/11\/Banner_RV_Blogue-KJ_600x400_v1.png","type":"","width":"","height":""}],"twitter_card":"summary_large_image","twitter_misc":{"Est. reading time":"4 minutes"},"schema":{"@context":"https:\/\/schema.org","@graph":[{"@type":"WebPage","@id":"https:\/\/karinejoncasusa.com\/en\/kj-blog\/","url":"https:\/\/karinejoncasusa.com\/en\/kj-blog\/","name":"Karine Joncas | M\u00e9di-Cosm\u00e9tiques","isPartOf":{"@id":"https:\/\/karinejoncasusa.com\/en\/#website"},"primaryImageOfPage":{"@id":"https:\/\/karinejoncasusa.com\/en\/kj-blog\/#primaryimage"},"image":{"@id":"https:\/\/karinejoncasusa.com\/en\/kj-blog\/#primaryimage"},"thumbnailUrl":"https:\/\/karinejoncas.ca\/wp-content\/uploads\/2024\/11\/Banner_RV_Blogue-KJ_600x400_v1.png","datePublished":"2021-04-28T19:58:17+00:00","dateModified":"2024-11-04T19:56:15+00:00","description":"Beauty tips and exclusives to immerse yourself in the world of KARINE JONCAS","breadcrumb":{"@id":"https:\/\/karinejoncasusa.com\/en\/kj-blog\/#breadcrumb"},"inLanguage":"en-US","potentialAction":[{"@type":"ReadAction","target":["https:\/\/karinejoncasusa.com\/en\/kj-blog\/"]}]},{"@type":"ImageObject","inLanguage":"en-US","@id":"https:\/\/karinejoncasusa.com\/en\/kj-blog\/#primaryimage","url":"https:\/\/karinejoncas.ca\/wp-content\/uploads\/2024\/11\/Banner_RV_Blogue-KJ_600x400_v1.png","contentUrl":"https:\/\/karinejoncas.ca\/wp-content\/uploads\/2024\/11\/Banner_RV_Blogue-KJ_600x400_v1.png"},{"@type":"BreadcrumbList","@id":"https:\/\/karinejoncasusa.com\/en\/kj-blog\/#breadcrumb","itemListElement":[{"@type":"ListItem","position":1,"name":"Accueil","item":"https:\/\/karinejoncasusa.com\/en\/"},{"@type":"ListItem","position":2,"name":"KJ Blog"}]},{"@type":"WebSite","@id":"https:\/\/karinejoncasusa.com\/en\/#website","url":"https:\/\/karinejoncasusa.com\/en\/","name":"Karine Joncas","description":"Medi-Cosmetics","publisher":{"@id":"https:\/\/karinejoncasusa.com\/en\/#organization"},"alternateName":"Karine Joncas","potentialAction":[{"@type":"SearchAction","target":{"@type":"EntryPoint","urlTemplate":"https:\/\/karinejoncasusa.com\/en\/?s={search_term_string}"},"query-input":{"@type":"PropertyValueSpecification","valueRequired":true,"valueName":"search_term_string"}}],"inLanguage":"en-US"},{"@type":"Organization","@id":"https:\/\/karinejoncasusa.com\/en\/#organization","name":"Karine Joncas","alternateName":"Karine Joncas | M\u00e9di-Cosm\u00e9tiques","url":"https:\/\/karinejoncasusa.com\/en\/","logo":{"@type":"ImageObject","inLanguage":"en-US","@id":"https:\/\/karinejoncasusa.com\/en\/#\/schema\/logo\/image\/","url":"https:\/\/karinejoncas.ca\/wp-content\/uploads\/2023\/02\/logo_KarineJoncas_Rectangle.png","contentUrl":"https:\/\/karinejoncas.ca\/wp-content\/uploads\/2023\/02\/logo_KarineJoncas_Rectangle.png","width":2700,"height":307,"caption":"Karine Joncas"},"image":{"@id":"https:\/\/karinejoncasusa.com\/en\/#\/schema\/logo\/image\/"},"sameAs":["https:\/\/www.facebook.com\/KarineJoncasCanada"]}]}},"_links":{"self":[{"href":"https:\/\/karinejoncasusa.com\/en\/wp-json\/wp\/v2\/pages\/9946","targetHints":{"allow":["GET"]}}],"collection":[{"href":"https:\/\/karinejoncasusa.com\/en\/wp-json\/wp\/v2\/pages"}],"about":[{"href":"https:\/\/karinejoncasusa.com\/en\/wp-json\/wp\/v2\/types\/page"}],"author":[{"embeddable":true,"href":"https:\/\/karinejoncasusa.com\/en\/wp-json\/wp\/v2\/users\/7477"}],"replies":[{"embeddable":true,"href":"https:\/\/karinejoncasusa.com\/en\/wp-json\/wp\/v2\/comments?post=9946"}],"version-history":[{"count":0,"href":"https:\/\/karinejoncasusa.com\/en\/wp-json\/wp\/v2\/pages\/9946\/revisions"}],"wp:attachment":[{"href":"https:\/\/karinejoncasusa.com\/en\/wp-json\/wp\/v2\/media?parent=9946"}],"curies":[{"name":"wp","href":"https:\/\/api.w.org\/{rel}","templated":true}]}}