{"id":18461,"date":"2021-12-14T11:25:05","date_gmt":"2021-12-14T16:25:05","guid":{"rendered":"https:\/\/staging.karinejoncas.ca\/?post_type=product&#038;p=18461"},"modified":"2025-04-22T16:23:58","modified_gmt":"2025-04-22T20:23:58","slug":"kj-youth-elixir-travelsize","status":"publish","type":"product","link":"https:\/\/karinejoncasusa.com\/en\/boutique\/soins-visage\/serums-multi-fonctions\/kj-youth-elixir-travelsize\/","title":{"rendered":"KJ Youth Elixir"},"content":{"rendered":"","protected":false},"excerpt":{"rendered":"<div class=\"productsubtitle\"><strong>5 in 1 Beauty Water<\/strong><\/div>\n<p>Radiance Booster, Toning, Intense Hydration, Soothing, Anti-Fatigue Refresher<br \/>\nFace, Body and Hair<\/p>\n","protected":false},"featured_media":69979,"template":"","meta":{"_acf_changed":false},"product_brand":[],"product_cat":[252,50,272,240,46,49,254,256,242,246,244,270,260,274],"product_tag":[],"class_list":{"0":"post-18461","1":"product","2":"type-product","3":"status-publish","4":"has-post-thumbnail","6":"product_cat-age-prevention","7":"product_cat-serums-multi-fonctions","8":"product_cat-beauty-water","9":"product_cat-bestsellers","10":"product_cat-dermo-routine3-en","11":"product_cat-soins-visage","12":"product_cat-fine-lines-wrinkles","13":"product_cat-firming","14":"product_cat-hydration","15":"product_cat-radiance","16":"product_cat-redness","17":"product_cat-travel-size-body","18":"product_cat-travel-size-face","19":"product_cat-treat","21":"first","22":"instock","23":"taxable","24":"shipping-taxable","25":"purchasable","26":"product-type-simple"},"acf":[],"yoast_head":"<!-- This site is optimized with the Yoast SEO Premium plugin v26.2 (Yoast SEO v27.4) - https:\/\/yoast.com\/product\/yoast-seo-premium-wordpress\/ -->\n<title>KJ Youth Elixir - Karine Joncas Medi-Cosmetics<\/title>\n<meta name=\"description\" content=\"D\u00e9couvrez nos soins multifonctions Karine Joncas. Des soins haute performance de type professionnel \u00e0 domicile. Fabriqu\u00e9s au Qu\u00e9bec.\" \/>\n<meta name=\"robots\" content=\"index, follow, max-snippet:-1, max-image-preview:large, max-video-preview:-1\" \/>\n<link rel=\"canonical\" href=\"https:\/\/karinejoncasusa.com\/en\/boutique\/soins-visage\/serums-multi-fonctions\/kj-youth-elixir-travelsize\/\" \/>\n<meta property=\"og:locale\" content=\"en_US\" \/>\n<meta property=\"og:type\" content=\"article\" \/>\n<meta property=\"og:title\" content=\"KJ Youth Elixir\" \/>\n<meta property=\"og:description\" content=\"D\u00e9couvrez nos soins multifonctions Karine Joncas. Des soins haute performance de type professionnel \u00e0 domicile. Fabriqu\u00e9s au Qu\u00e9bec.\" \/>\n<meta property=\"og:url\" content=\"https:\/\/karinejoncasusa.com\/en\/boutique\/soins-visage\/serums-multi-fonctions\/kj-youth-elixir-travelsize\/\" \/>\n<meta property=\"og:site_name\" content=\"Karine Joncas Medi-Cosmetics\" \/>\n<meta property=\"article:publisher\" content=\"https:\/\/www.facebook.com\/KarineJoncasCanada\" \/>\n<meta property=\"article:modified_time\" content=\"2025-04-22T20:23:58+00:00\" \/>\n<meta property=\"og:image\" content=\"https:\/\/karinejoncasusa.com\/wp-content\/uploads\/2021\/12\/872007000488_Elixir_de_Jeunesse_KJ_60mL_600x600.jpg\" \/>\n\t<meta property=\"og:image:width\" content=\"600\" \/>\n\t<meta property=\"og:image:height\" content=\"600\" \/>\n\t<meta property=\"og:image:type\" content=\"image\/jpeg\" \/>\n<meta name=\"twitter:card\" content=\"summary_large_image\" \/>\n<meta name=\"twitter:label1\" content=\"Est. reading time\" \/>\n\t<meta name=\"twitter:data1\" content=\"1 minute\" \/>\n<script type=\"application\/ld+json\" class=\"yoast-schema-graph\">{\"@context\":\"https:\\\/\\\/schema.org\",\"@graph\":[{\"@type\":\"WebPage\",\"@id\":\"https:\\\/\\\/karinejoncasusa.com\\\/en\\\/boutique\\\/soins-visage\\\/serums-multi-fonctions\\\/kj-youth-elixir-travelsize\\\/\",\"url\":\"https:\\\/\\\/karinejoncasusa.com\\\/en\\\/boutique\\\/soins-visage\\\/serums-multi-fonctions\\\/kj-youth-elixir-travelsize\\\/\",\"name\":\"KJ Youth Elixir - Karine Joncas Medi-Cosmetics\",\"isPartOf\":{\"@id\":\"https:\\\/\\\/karinejoncasusa.com\\\/en\\\/#website\"},\"primaryImageOfPage\":{\"@id\":\"https:\\\/\\\/karinejoncasusa.com\\\/en\\\/boutique\\\/soins-visage\\\/serums-multi-fonctions\\\/kj-youth-elixir-travelsize\\\/#primaryimage\"},\"image\":{\"@id\":\"https:\\\/\\\/karinejoncasusa.com\\\/en\\\/boutique\\\/soins-visage\\\/serums-multi-fonctions\\\/kj-youth-elixir-travelsize\\\/#primaryimage\"},\"thumbnailUrl\":\"https:\\\/\\\/karinejoncasusa.com\\\/wp-content\\\/uploads\\\/2021\\\/12\\\/872007000488_Elixir_de_Jeunesse_KJ_60mL_600x600.jpg\",\"datePublished\":\"2021-12-14T16:25:05+00:00\",\"dateModified\":\"2025-04-22T20:23:58+00:00\",\"description\":\"D\u00e9couvrez nos soins multifonctions Karine Joncas. Des soins haute performance de type professionnel \u00e0 domicile. Fabriqu\u00e9s au Qu\u00e9bec.\",\"breadcrumb\":{\"@id\":\"https:\\\/\\\/karinejoncasusa.com\\\/en\\\/boutique\\\/soins-visage\\\/serums-multi-fonctions\\\/kj-youth-elixir-travelsize\\\/#breadcrumb\"},\"inLanguage\":\"en-US\",\"potentialAction\":[{\"@type\":\"ReadAction\",\"target\":[\"https:\\\/\\\/karinejoncasusa.com\\\/en\\\/boutique\\\/soins-visage\\\/serums-multi-fonctions\\\/kj-youth-elixir-travelsize\\\/\"]}]},{\"@type\":\"ImageObject\",\"inLanguage\":\"en-US\",\"@id\":\"https:\\\/\\\/karinejoncasusa.com\\\/en\\\/boutique\\\/soins-visage\\\/serums-multi-fonctions\\\/kj-youth-elixir-travelsize\\\/#primaryimage\",\"url\":\"https:\\\/\\\/karinejoncasusa.com\\\/wp-content\\\/uploads\\\/2021\\\/12\\\/872007000488_Elixir_de_Jeunesse_KJ_60mL_600x600.jpg\",\"contentUrl\":\"https:\\\/\\\/karinejoncasusa.com\\\/wp-content\\\/uploads\\\/2021\\\/12\\\/872007000488_Elixir_de_Jeunesse_KJ_60mL_600x600.jpg\",\"width\":600,\"height\":600},{\"@type\":\"BreadcrumbList\",\"@id\":\"https:\\\/\\\/karinejoncasusa.com\\\/en\\\/boutique\\\/soins-visage\\\/serums-multi-fonctions\\\/kj-youth-elixir-travelsize\\\/#breadcrumb\",\"itemListElement\":[{\"@type\":\"ListItem\",\"position\":1,\"name\":\"Accueil\",\"item\":\"https:\\\/\\\/karinejoncasusa.com\\\/en\\\/\"},{\"@type\":\"ListItem\",\"position\":2,\"name\":\"Dermo-routines KJ\",\"item\":\"https:\\\/\\\/karinejoncasusa.com\\\/en\\\/dermo-routines\\\/\"},{\"@type\":\"ListItem\",\"position\":3,\"name\":\"KJ Youth Elixir\"}]},{\"@type\":\"WebSite\",\"@id\":\"https:\\\/\\\/karinejoncasusa.com\\\/en\\\/#website\",\"url\":\"https:\\\/\\\/karinejoncasusa.com\\\/en\\\/\",\"name\":\"Karine Joncas\",\"description\":\"Medi-Cosmetics\",\"publisher\":{\"@id\":\"https:\\\/\\\/karinejoncasusa.com\\\/en\\\/#organization\"},\"alternateName\":\"Karine Joncas\",\"potentialAction\":[{\"@type\":\"SearchAction\",\"target\":{\"@type\":\"EntryPoint\",\"urlTemplate\":\"https:\\\/\\\/karinejoncasusa.com\\\/en\\\/?s={search_term_string}\"},\"query-input\":{\"@type\":\"PropertyValueSpecification\",\"valueRequired\":true,\"valueName\":\"search_term_string\"}}],\"inLanguage\":\"en-US\"},{\"@type\":\"Organization\",\"@id\":\"https:\\\/\\\/karinejoncasusa.com\\\/en\\\/#organization\",\"name\":\"Karine Joncas\",\"alternateName\":\"Karine Joncas | M\u00e9di-Cosm\u00e9tiques\",\"url\":\"https:\\\/\\\/karinejoncasusa.com\\\/en\\\/\",\"logo\":{\"@type\":\"ImageObject\",\"inLanguage\":\"en-US\",\"@id\":\"https:\\\/\\\/karinejoncasusa.com\\\/en\\\/#\\\/schema\\\/logo\\\/image\\\/\",\"url\":\"https:\\\/\\\/karinejoncas.ca\\\/wp-content\\\/uploads\\\/2023\\\/02\\\/logo_KarineJoncas_Rectangle.png\",\"contentUrl\":\"https:\\\/\\\/karinejoncas.ca\\\/wp-content\\\/uploads\\\/2023\\\/02\\\/logo_KarineJoncas_Rectangle.png\",\"width\":2700,\"height\":307,\"caption\":\"Karine Joncas\"},\"image\":{\"@id\":\"https:\\\/\\\/karinejoncasusa.com\\\/en\\\/#\\\/schema\\\/logo\\\/image\\\/\"},\"sameAs\":[\"https:\\\/\\\/www.facebook.com\\\/KarineJoncasCanada\"]}]}<\/script>\n<!-- \/ Yoast SEO Premium plugin. -->","yoast_head_json":{"title":"KJ Youth Elixir - Karine Joncas Medi-Cosmetics","description":"D\u00e9couvrez nos soins multifonctions Karine Joncas. Des soins haute performance de type professionnel \u00e0 domicile. Fabriqu\u00e9s au Qu\u00e9bec.","robots":{"index":"index","follow":"follow","max-snippet":"max-snippet:-1","max-image-preview":"max-image-preview:large","max-video-preview":"max-video-preview:-1"},"canonical":"https:\/\/karinejoncasusa.com\/en\/boutique\/soins-visage\/serums-multi-fonctions\/kj-youth-elixir-travelsize\/","og_locale":"en_US","og_type":"article","og_title":"KJ Youth Elixir","og_description":"D\u00e9couvrez nos soins multifonctions Karine Joncas. Des soins haute performance de type professionnel \u00e0 domicile. Fabriqu\u00e9s au Qu\u00e9bec.","og_url":"https:\/\/karinejoncasusa.com\/en\/boutique\/soins-visage\/serums-multi-fonctions\/kj-youth-elixir-travelsize\/","og_site_name":"Karine Joncas Medi-Cosmetics","article_publisher":"https:\/\/www.facebook.com\/KarineJoncasCanada","article_modified_time":"2025-04-22T20:23:58+00:00","og_image":[{"width":600,"height":600,"url":"https:\/\/karinejoncasusa.com\/wp-content\/uploads\/2021\/12\/872007000488_Elixir_de_Jeunesse_KJ_60mL_600x600.jpg","type":"image\/jpeg"}],"twitter_card":"summary_large_image","twitter_misc":{"Est. reading time":"1 minute"},"schema":{"@context":"https:\/\/schema.org","@graph":[{"@type":"WebPage","@id":"https:\/\/karinejoncasusa.com\/en\/boutique\/soins-visage\/serums-multi-fonctions\/kj-youth-elixir-travelsize\/","url":"https:\/\/karinejoncasusa.com\/en\/boutique\/soins-visage\/serums-multi-fonctions\/kj-youth-elixir-travelsize\/","name":"KJ Youth Elixir - Karine Joncas Medi-Cosmetics","isPartOf":{"@id":"https:\/\/karinejoncasusa.com\/en\/#website"},"primaryImageOfPage":{"@id":"https:\/\/karinejoncasusa.com\/en\/boutique\/soins-visage\/serums-multi-fonctions\/kj-youth-elixir-travelsize\/#primaryimage"},"image":{"@id":"https:\/\/karinejoncasusa.com\/en\/boutique\/soins-visage\/serums-multi-fonctions\/kj-youth-elixir-travelsize\/#primaryimage"},"thumbnailUrl":"https:\/\/karinejoncasusa.com\/wp-content\/uploads\/2021\/12\/872007000488_Elixir_de_Jeunesse_KJ_60mL_600x600.jpg","datePublished":"2021-12-14T16:25:05+00:00","dateModified":"2025-04-22T20:23:58+00:00","description":"D\u00e9couvrez nos soins multifonctions Karine Joncas. Des soins haute performance de type professionnel \u00e0 domicile. Fabriqu\u00e9s au Qu\u00e9bec.","breadcrumb":{"@id":"https:\/\/karinejoncasusa.com\/en\/boutique\/soins-visage\/serums-multi-fonctions\/kj-youth-elixir-travelsize\/#breadcrumb"},"inLanguage":"en-US","potentialAction":[{"@type":"ReadAction","target":["https:\/\/karinejoncasusa.com\/en\/boutique\/soins-visage\/serums-multi-fonctions\/kj-youth-elixir-travelsize\/"]}]},{"@type":"ImageObject","inLanguage":"en-US","@id":"https:\/\/karinejoncasusa.com\/en\/boutique\/soins-visage\/serums-multi-fonctions\/kj-youth-elixir-travelsize\/#primaryimage","url":"https:\/\/karinejoncasusa.com\/wp-content\/uploads\/2021\/12\/872007000488_Elixir_de_Jeunesse_KJ_60mL_600x600.jpg","contentUrl":"https:\/\/karinejoncasusa.com\/wp-content\/uploads\/2021\/12\/872007000488_Elixir_de_Jeunesse_KJ_60mL_600x600.jpg","width":600,"height":600},{"@type":"BreadcrumbList","@id":"https:\/\/karinejoncasusa.com\/en\/boutique\/soins-visage\/serums-multi-fonctions\/kj-youth-elixir-travelsize\/#breadcrumb","itemListElement":[{"@type":"ListItem","position":1,"name":"Accueil","item":"https:\/\/karinejoncasusa.com\/en\/"},{"@type":"ListItem","position":2,"name":"Dermo-routines KJ","item":"https:\/\/karinejoncasusa.com\/en\/dermo-routines\/"},{"@type":"ListItem","position":3,"name":"KJ Youth Elixir"}]},{"@type":"WebSite","@id":"https:\/\/karinejoncasusa.com\/en\/#website","url":"https:\/\/karinejoncasusa.com\/en\/","name":"Karine Joncas","description":"Medi-Cosmetics","publisher":{"@id":"https:\/\/karinejoncasusa.com\/en\/#organization"},"alternateName":"Karine Joncas","potentialAction":[{"@type":"SearchAction","target":{"@type":"EntryPoint","urlTemplate":"https:\/\/karinejoncasusa.com\/en\/?s={search_term_string}"},"query-input":{"@type":"PropertyValueSpecification","valueRequired":true,"valueName":"search_term_string"}}],"inLanguage":"en-US"},{"@type":"Organization","@id":"https:\/\/karinejoncasusa.com\/en\/#organization","name":"Karine Joncas","alternateName":"Karine Joncas | M\u00e9di-Cosm\u00e9tiques","url":"https:\/\/karinejoncasusa.com\/en\/","logo":{"@type":"ImageObject","inLanguage":"en-US","@id":"https:\/\/karinejoncasusa.com\/en\/#\/schema\/logo\/image\/","url":"https:\/\/karinejoncas.ca\/wp-content\/uploads\/2023\/02\/logo_KarineJoncas_Rectangle.png","contentUrl":"https:\/\/karinejoncas.ca\/wp-content\/uploads\/2023\/02\/logo_KarineJoncas_Rectangle.png","width":2700,"height":307,"caption":"Karine Joncas"},"image":{"@id":"https:\/\/karinejoncasusa.com\/en\/#\/schema\/logo\/image\/"},"sameAs":["https:\/\/www.facebook.com\/KarineJoncasCanada"]}]}},"_links":{"self":[{"href":"https:\/\/karinejoncasusa.com\/en\/wp-json\/wp\/v2\/product\/18461","targetHints":{"allow":["GET"]}}],"collection":[{"href":"https:\/\/karinejoncasusa.com\/en\/wp-json\/wp\/v2\/product"}],"about":[{"href":"https:\/\/karinejoncasusa.com\/en\/wp-json\/wp\/v2\/types\/product"}],"version-history":[{"count":0,"href":"https:\/\/karinejoncasusa.com\/en\/wp-json\/wp\/v2\/product\/18461\/revisions"}],"wp:featuredmedia":[{"embeddable":true,"href":"https:\/\/karinejoncasusa.com\/en\/wp-json\/wp\/v2\/media\/69979"}],"wp:attachment":[{"href":"https:\/\/karinejoncasusa.com\/en\/wp-json\/wp\/v2\/media?parent=18461"}],"wp:term":[{"taxonomy":"product_brand","embeddable":true,"href":"https:\/\/karinejoncasusa.com\/en\/wp-json\/wp\/v2\/product_brand?post=18461"},{"taxonomy":"product_cat","embeddable":true,"href":"https:\/\/karinejoncasusa.com\/en\/wp-json\/wp\/v2\/product_cat?post=18461"},{"taxonomy":"product_tag","embeddable":true,"href":"https:\/\/karinejoncasusa.com\/en\/wp-json\/wp\/v2\/product_tag?post=18461"}],"curies":[{"name":"wp","href":"https:\/\/api.w.org\/{rel}","templated":true}]}}